{"id":3329,"date":"2026-03-29T16:19:00","date_gmt":"2026-03-29T16:19:00","guid":{"rendered":"https:\/\/www.merzouga-destinations.com\/?page_id=3329"},"modified":"2026-04-01T17:15:03","modified_gmt":"2026-04-01T17:15:03","slug":"excursion-dune-nuit-a-merzouga","status":"publish","type":"page","link":"https:\/\/www.merzouga-destinations.com\/fr\/excursion-dune-nuit-a-merzouga\/","title":{"rendered":"Nuit dans le desert de Merzouga"},"content":{"rendered":"<p>&#x1f9f3; Programme de nuit :<\/p>\n<p>&#x1f4cd; \u00c0 16h30, nous commen\u00e7ons par une balade \u00e0 dos de chameau &#x1f42a; ou en 4\u00d74 &#x1f699; (en option)<br \/>\npour admirer le coucher de soleil &#x1f4f8; et passer la nuit dans des camps de luxe&#x26fa;&#x1f320;<\/p>\n<p>&#x2705; Le programme comprend :<\/p>\n<p>\u2713 Transferts.<\/p>\n<p>\u2713 Balade \u00e0 dos de chameau &#x1f42a;<\/p>\n<p>\u2713 OU excursion en 4\u00d74 &#x1f699;<\/p>\n<p>\u2713 OU en quad\/buggy.<\/p>\n<p>\u2713 Tentes nomades et de luxe &#x26fa;&#x1f3aa;<\/p>\n<p>+ Climatisation \/ en option<\/p>\n<p>+ WC&#x1f6bd; et douche&#x1f6bf;<\/p>\n<p>\u2713 Coucher de soleil &#x1f4f8;&#x2600;&#xfe0f;<br \/>\n\u2713 D\u00eener &#x1f958;&#x1f957;<br \/>\n\u2713 Musique locale&#x1f941;&#x1f525;<br \/>\n\u2713 Lever de soleil &#x1f4f8;&#x2600;&#xfe0f;<br \/>\n\u2713 Petit-d\u00e9jeuner &#x2615;&#x1f379;&#x1f373;<br \/>\n\u2713 Retour au parking.<\/p>\n","protected":false},"excerpt":{"rendered":"<p>&#x1f9f3; Programme de nuit : &#x1f4cd; \u00c0 16h30, nous commen\u00e7ons par une balade \u00e0 dos de chameau &#x1f42a; ou en 4\u00d74 &#x1f699; (en option) pour admirer le coucher de soleil &#x1f4f8; et passer la nuit dans des camps de luxe&#x26fa;&#x1f320; &#x2705; Le programme comprend : \u2713 Transferts. \u2713 Balade \u00e0 dos de chameau &#x1f42a; \u2713 [&hellip;]<\/p>\n","protected":false},"author":1,"featured_media":0,"parent":0,"menu_order":0,"comment_status":"closed","ping_status":"closed","template":"","meta":{"site-sidebar-layout":"default","site-content-layout":"","ast-site-content-layout":"default","site-content-style":"default","site-sidebar-style":"default","ast-global-header-display":"","ast-banner-title-visibility":"","ast-main-header-display":"","ast-hfb-above-header-display":"","ast-hfb-below-header-display":"","ast-hfb-mobile-header-display":"","site-post-title":"","ast-breadcrumbs-content":"","ast-featured-img":"","footer-sml-layout":"","theme-transparent-header-meta":"default","adv-header-id-meta":"","stick-header-meta":"","header-above-stick-meta":"","header-main-stick-meta":"","header-below-stick-meta":"","astra-migrate-meta-layouts":"set","ast-page-background-enabled":"default","ast-page-background-meta":{"desktop":{"background-color":"","background-image":"","background-repeat":"repeat","background-position":"center center","background-size":"auto","background-attachment":"scroll","background-type":"","background-media":"","overlay-type":"","overlay-color":"","overlay-gradient":""},"tablet":{"background-color":"","background-image":"","background-repeat":"repeat","background-position":"center center","background-size":"auto","background-attachment":"scroll","background-type":"","background-media":"","overlay-type":"","overlay-color":"","overlay-gradient":""},"mobile":{"background-color":"","background-image":"","background-repeat":"repeat","background-position":"center center","background-size":"auto","background-attachment":"scroll","background-type":"","background-media":"","overlay-type":"","overlay-color":"","overlay-gradient":""}},"ast-content-background-meta":{"desktop":{"background-color":"var(--ast-global-color-5)","background-image":"","background-repeat":"repeat","background-position":"center center","background-size":"auto","background-attachment":"scroll","background-type":"","background-media":"","overlay-type":"","overlay-color":"","overlay-gradient":""},"tablet":{"background-color":"var(--ast-global-color-5)","background-image":"","background-repeat":"repeat","background-position":"center center","background-size":"auto","background-attachment":"scroll","background-type":"","background-media":"","overlay-type":"","overlay-color":"","overlay-gradient":""},"mobile":{"background-color":"var(--ast-global-color-5)","background-image":"","background-repeat":"repeat","background-position":"center center","background-size":"auto","background-attachment":"scroll","background-type":"","background-media":"","overlay-type":"","overlay-color":"","overlay-gradient":""}},"footnotes":""},"class_list":["post-3329","page","type-page","status-publish","hentry"],"yoast_head":"<!-- This site is optimized with the Yoast SEO plugin v26.7 - https:\/\/yoast.com\/wordpress\/plugins\/seo\/ -->\n<title>Nuit dans le desert de Merzouga - Merzouga Destinations<\/title>\n<meta name=\"robots\" content=\"index, follow, max-snippet:-1, max-image-preview:large, max-video-preview:-1\" \/>\n<link rel=\"canonical\" href=\"https:\/\/www.merzouga-destinations.com\/fr\/excursion-dune-nuit-a-merzouga\/\" \/>\n<meta property=\"og:locale\" content=\"fr_FR\" \/>\n<meta property=\"og:type\" content=\"article\" \/>\n<meta property=\"og:title\" content=\"Nuit dans le desert de Merzouga - Merzouga Destinations\" \/>\n<meta property=\"og:description\" content=\"&#x1f9f3; Programme de nuit : &#x1f4cd; \u00c0 16h30, nous commen\u00e7ons par une balade \u00e0 dos de chameau &#x1f42a; ou en 4\u00d74 &#x1f699; (en option) pour admirer le coucher de soleil &#x1f4f8; et passer la nuit dans des camps de luxe&#x26fa;&#x1f320; &#x2705; Le programme comprend : \u2713 Transferts. \u2713 Balade \u00e0 dos de chameau &#x1f42a; \u2713 [&hellip;]\" \/>\n<meta property=\"og:url\" content=\"https:\/\/www.merzouga-destinations.com\/fr\/excursion-dune-nuit-a-merzouga\/\" \/>\n<meta property=\"og:site_name\" content=\"Merzouga Destinations\" \/>\n<meta property=\"article:modified_time\" content=\"2026-04-01T17:15:03+00:00\" \/>\n<meta name=\"twitter:card\" content=\"summary_large_image\" \/>\n<meta name=\"twitter:label1\" content=\"Dur\u00e9e de lecture estim\u00e9e\" \/>\n\t<meta name=\"twitter:data1\" content=\"1 minute\" \/>\n<script type=\"application\/ld+json\" class=\"yoast-schema-graph\">{\"@context\":\"https:\/\/schema.org\",\"@graph\":[{\"@type\":\"WebPage\",\"@id\":\"https:\/\/www.merzouga-destinations.com\/fr\/excursion-dune-nuit-a-merzouga\/\",\"url\":\"https:\/\/www.merzouga-destinations.com\/fr\/excursion-dune-nuit-a-merzouga\/\",\"name\":\"Nuit dans le desert de Merzouga - Merzouga Destinations\",\"isPartOf\":{\"@id\":\"https:\/\/www.merzouga-destinations.com\/#website\"},\"datePublished\":\"2026-03-29T16:19:00+00:00\",\"dateModified\":\"2026-04-01T17:15:03+00:00\",\"breadcrumb\":{\"@id\":\"https:\/\/www.merzouga-destinations.com\/fr\/excursion-dune-nuit-a-merzouga\/#breadcrumb\"},\"inLanguage\":\"fr-FR\",\"potentialAction\":[{\"@type\":\"ReadAction\",\"target\":[\"https:\/\/www.merzouga-destinations.com\/fr\/excursion-dune-nuit-a-merzouga\/\"]}]},{\"@type\":\"BreadcrumbList\",\"@id\":\"https:\/\/www.merzouga-destinations.com\/fr\/excursion-dune-nuit-a-merzouga\/#breadcrumb\",\"itemListElement\":[{\"@type\":\"ListItem\",\"position\":1,\"name\":\"Home\",\"item\":\"https:\/\/www.merzouga-destinations.com\/fr\/\"},{\"@type\":\"ListItem\",\"position\":2,\"name\":\"Nuit dans le desert de Merzouga\"}]},{\"@type\":\"WebSite\",\"@id\":\"https:\/\/www.merzouga-destinations.com\/#website\",\"url\":\"https:\/\/www.merzouga-destinations.com\/\",\"name\":\"Merzouga Destinations\",\"description\":\"Merzouga Destinations\",\"publisher\":{\"@id\":\"https:\/\/www.merzouga-destinations.com\/#organization\"},\"potentialAction\":[{\"@type\":\"SearchAction\",\"target\":{\"@type\":\"EntryPoint\",\"urlTemplate\":\"https:\/\/www.merzouga-destinations.com\/?s={search_term_string}\"},\"query-input\":{\"@type\":\"PropertyValueSpecification\",\"valueRequired\":true,\"valueName\":\"search_term_string\"}}],\"inLanguage\":\"fr-FR\"},{\"@type\":\"Organization\",\"@id\":\"https:\/\/www.merzouga-destinations.com\/#organization\",\"name\":\"Merzouga Destinations\",\"url\":\"https:\/\/www.merzouga-destinations.com\/\",\"logo\":{\"@type\":\"ImageObject\",\"inLanguage\":\"fr-FR\",\"@id\":\"https:\/\/www.merzouga-destinations.com\/#\/schema\/logo\/image\/\",\"url\":\"https:\/\/i0.wp.com\/www.merzouga-destinations.com\/wp-content\/uploads\/2025\/10\/site-logo.png?fit=180%2C60&ssl=1\",\"contentUrl\":\"https:\/\/i0.wp.com\/www.merzouga-destinations.com\/wp-content\/uploads\/2025\/10\/site-logo.png?fit=180%2C60&ssl=1\",\"width\":180,\"height\":60,\"caption\":\"Merzouga Destinations\"},\"image\":{\"@id\":\"https:\/\/www.merzouga-destinations.com\/#\/schema\/logo\/image\/\"}}]}<\/script>\n<!-- \/ Yoast SEO plugin. -->","yoast_head_json":{"title":"Nuit dans le desert de Merzouga - Merzouga Destinations","robots":{"index":"index","follow":"follow","max-snippet":"max-snippet:-1","max-image-preview":"max-image-preview:large","max-video-preview":"max-video-preview:-1"},"canonical":"https:\/\/www.merzouga-destinations.com\/fr\/excursion-dune-nuit-a-merzouga\/","og_locale":"fr_FR","og_type":"article","og_title":"Nuit dans le desert de Merzouga - Merzouga Destinations","og_description":"&#x1f9f3; Programme de nuit : &#x1f4cd; \u00c0 16h30, nous commen\u00e7ons par une balade \u00e0 dos de chameau &#x1f42a; ou en 4\u00d74 &#x1f699; (en option) pour admirer le coucher de soleil &#x1f4f8; et passer la nuit dans des camps de luxe&#x26fa;&#x1f320; &#x2705; Le programme comprend : \u2713 Transferts. \u2713 Balade \u00e0 dos de chameau &#x1f42a; \u2713 [&hellip;]","og_url":"https:\/\/www.merzouga-destinations.com\/fr\/excursion-dune-nuit-a-merzouga\/","og_site_name":"Merzouga Destinations","article_modified_time":"2026-04-01T17:15:03+00:00","twitter_card":"summary_large_image","twitter_misc":{"Dur\u00e9e de lecture estim\u00e9e":"1 minute"},"schema":{"@context":"https:\/\/schema.org","@graph":[{"@type":"WebPage","@id":"https:\/\/www.merzouga-destinations.com\/fr\/excursion-dune-nuit-a-merzouga\/","url":"https:\/\/www.merzouga-destinations.com\/fr\/excursion-dune-nuit-a-merzouga\/","name":"Nuit dans le desert de Merzouga - Merzouga Destinations","isPartOf":{"@id":"https:\/\/www.merzouga-destinations.com\/#website"},"datePublished":"2026-03-29T16:19:00+00:00","dateModified":"2026-04-01T17:15:03+00:00","breadcrumb":{"@id":"https:\/\/www.merzouga-destinations.com\/fr\/excursion-dune-nuit-a-merzouga\/#breadcrumb"},"inLanguage":"fr-FR","potentialAction":[{"@type":"ReadAction","target":["https:\/\/www.merzouga-destinations.com\/fr\/excursion-dune-nuit-a-merzouga\/"]}]},{"@type":"BreadcrumbList","@id":"https:\/\/www.merzouga-destinations.com\/fr\/excursion-dune-nuit-a-merzouga\/#breadcrumb","itemListElement":[{"@type":"ListItem","position":1,"name":"Home","item":"https:\/\/www.merzouga-destinations.com\/fr\/"},{"@type":"ListItem","position":2,"name":"Nuit dans le desert de Merzouga"}]},{"@type":"WebSite","@id":"https:\/\/www.merzouga-destinations.com\/#website","url":"https:\/\/www.merzouga-destinations.com\/","name":"Merzouga Destinations","description":"Merzouga Destinations","publisher":{"@id":"https:\/\/www.merzouga-destinations.com\/#organization"},"potentialAction":[{"@type":"SearchAction","target":{"@type":"EntryPoint","urlTemplate":"https:\/\/www.merzouga-destinations.com\/?s={search_term_string}"},"query-input":{"@type":"PropertyValueSpecification","valueRequired":true,"valueName":"search_term_string"}}],"inLanguage":"fr-FR"},{"@type":"Organization","@id":"https:\/\/www.merzouga-destinations.com\/#organization","name":"Merzouga Destinations","url":"https:\/\/www.merzouga-destinations.com\/","logo":{"@type":"ImageObject","inLanguage":"fr-FR","@id":"https:\/\/www.merzouga-destinations.com\/#\/schema\/logo\/image\/","url":"https:\/\/i0.wp.com\/www.merzouga-destinations.com\/wp-content\/uploads\/2025\/10\/site-logo.png?fit=180%2C60&ssl=1","contentUrl":"https:\/\/i0.wp.com\/www.merzouga-destinations.com\/wp-content\/uploads\/2025\/10\/site-logo.png?fit=180%2C60&ssl=1","width":180,"height":60,"caption":"Merzouga Destinations"},"image":{"@id":"https:\/\/www.merzouga-destinations.com\/#\/schema\/logo\/image\/"}}]}},"jetpack_sharing_enabled":true,"_links":{"self":[{"href":"https:\/\/www.merzouga-destinations.com\/fr\/wp-json\/wp\/v2\/pages\/3329","targetHints":{"allow":["GET"]}}],"collection":[{"href":"https:\/\/www.merzouga-destinations.com\/fr\/wp-json\/wp\/v2\/pages"}],"about":[{"href":"https:\/\/www.merzouga-destinations.com\/fr\/wp-json\/wp\/v2\/types\/page"}],"author":[{"embeddable":true,"href":"https:\/\/www.merzouga-destinations.com\/fr\/wp-json\/wp\/v2\/users\/1"}],"replies":[{"embeddable":true,"href":"https:\/\/www.merzouga-destinations.com\/fr\/wp-json\/wp\/v2\/comments?post=3329"}],"version-history":[{"count":3,"href":"https:\/\/www.merzouga-destinations.com\/fr\/wp-json\/wp\/v2\/pages\/3329\/revisions"}],"predecessor-version":[{"id":3364,"href":"https:\/\/www.merzouga-destinations.com\/fr\/wp-json\/wp\/v2\/pages\/3329\/revisions\/3364"}],"wp:attachment":[{"href":"https:\/\/www.merzouga-destinations.com\/fr\/wp-json\/wp\/v2\/media?parent=3329"}],"curies":[{"name":"wp","href":"https:\/\/api.w.org\/{rel}","templated":true}]}}