{"id":2348,"date":"2024-01-29T20:28:47","date_gmt":"2024-01-29T20:28:47","guid":{"rendered":"https:\/\/moroccoshinytrips.com\/construisez-votre-circuit\/"},"modified":"2024-02-02T15:48:01","modified_gmt":"2024-02-02T15:48:01","slug":"construisez-votre-circuit","status":"publish","type":"page","link":"https:\/\/www.merzouga-destinations.com\/fr\/construisez-votre-circuit\/","title":{"rendered":"Construisez votre circuit"},"content":{"rendered":"\t\t<div data-elementor-type=\"wp-page\" data-elementor-id=\"2348\" class=\"elementor elementor-2348 elementor-2167\">\n\t\t\t\t<div class=\"elementor-element elementor-element-2052f045 e-con-full e-flex e-con e-parent\" data-id=\"2052f045\" data-element_type=\"container\" id=\"footer\" data-settings=\"{&quot;background_background&quot;:&quot;gradient&quot;}\">\n\t\t\t\t<div class=\"elementor-element elementor-element-61fed33e elementor-widget elementor-widget-heading\" data-id=\"61fed33e\" data-element_type=\"widget\" data-widget_type=\"heading.default\">\n\t\t\t\t<div class=\"elementor-widget-container\">\n\t\t\t\t\t<h2 class=\"elementor-heading-title elementor-size-default\">Construisez votre circuit<\/h2>\t\t\t\t<\/div>\n\t\t\t\t<\/div>\n\t\t\t\t<div class=\"elementor-element elementor-element-44efed8c elementor-widget elementor-widget-text-editor\" data-id=\"44efed8c\" data-element_type=\"widget\" data-widget_type=\"text-editor.default\">\n\t\t\t\t<div class=\"elementor-widget-container\">\n\t\t\t\t\t\t\t\t\t<p>Remplissez vos coordonn\u00e9es ci-dessous en indiquant le voyage dont vous avez besoin et la date. Nous vous r\u00e9pondrons dans les plus brefs d\u00e9lais<\/p>\n\t\t\t\t\t\t\t\t<\/div>\n\t\t\t\t<\/div>\n\t\t\t\t<div class=\"elementor-element elementor-element-21c0a55 elementor-widget elementor-widget-wpforms\" data-id=\"21c0a55\" data-element_type=\"widget\" data-widget_type=\"wpforms.default\">\n\t\t\t\t<div class=\"elementor-widget-container\">\n\t\t\t\t\t<div class=\"wpforms-container \" id=\"wpforms-2528\"><form id=\"wpforms-form-2528\" class=\"wpforms-validate wpforms-form wpforms-ajax-form\" data-formid=\"2528\" method=\"post\" enctype=\"multipart\/form-data\" action=\"\/fr\/wp-json\/wp\/v2\/pages\/2348\" data-token=\"8b89233a90159812a278b6aaeaa3a967\" data-token-time=\"1776806108\"><noscript class=\"wpforms-error-noscript\">Veuillez activer JavaScript dans votre navigateur pour remplir ce formulaire.<\/noscript><div class=\"wpforms-field-container\"><div id=\"wpforms-2528-field_0-container\" class=\"wpforms-field wpforms-field-name\" data-field-id=\"0\"><label class=\"wpforms-field-label\" for=\"wpforms-2528-field_0\">Votre nom <span class=\"wpforms-required-label\">*<\/span><\/label><input type=\"text\" id=\"wpforms-2528-field_0\" class=\"wpforms-field-medium wpforms-field-required\" name=\"wpforms[fields][0]\" required><\/div><div id=\"wpforms-2528-field_1-container\" class=\"wpforms-field wpforms-field-email\" data-field-id=\"1\"><label class=\"wpforms-field-label\" for=\"wpforms-2528-field_1\">Votre Email <span class=\"wpforms-required-label\">*<\/span><\/label><input type=\"email\" id=\"wpforms-2528-field_1\" class=\"wpforms-field-medium wpforms-field-required\" name=\"wpforms[fields][1]\" spellcheck=\"false\" required><\/div><div id=\"wpforms-2528-field_3-container\" class=\"wpforms-field wpforms-field-text\" data-field-id=\"3\"><label class=\"wpforms-field-label\" for=\"wpforms-2528-field_3\">Votre Whatsapp <span class=\"wpforms-required-label\">*<\/span><\/label><input type=\"text\" id=\"wpforms-2528-field_3\" class=\"wpforms-field-medium wpforms-field-required\" name=\"wpforms[fields][3]\" required><\/div><div id=\"wpforms-2528-field_4-container\" class=\"wpforms-field wpforms-field-number\" data-field-id=\"4\"><label class=\"wpforms-field-label\" for=\"wpforms-2528-field_4\">Combien de personnes comptez-vous ? <span class=\"wpforms-required-label\">*<\/span><\/label><input type=\"number\" id=\"wpforms-2528-field_4\" class=\"wpforms-field-medium wpforms-field-required\" name=\"wpforms[fields][4]\" step=\"any\" required><\/div><div id=\"wpforms-2528-field_9-container\" class=\"wpforms-field wpforms-field-text\" data-field-id=\"9\"><label class=\"wpforms-field-label\" for=\"wpforms-2528-field_9\">Quand arriverez-vous ? <span class=\"wpforms-required-label\">*<\/span><\/label><input type=\"text\" id=\"wpforms-2528-field_9\" class=\"wpforms-field-medium wpforms-field-required\" name=\"wpforms[fields][9]\" required><\/div><div id=\"wpforms-2528-field_6-container\" class=\"wpforms-field wpforms-field-text\" data-field-id=\"6\"><label class=\"wpforms-field-label\" for=\"wpforms-2528-field_6\">Combien de jours et de nuits ?<\/label><input type=\"text\" id=\"wpforms-2528-field_6\" class=\"wpforms-field-medium\" name=\"wpforms[fields][6]\" ><\/div><div id=\"wpforms-2528-field_7-container\" class=\"wpforms-field wpforms-field-radio\" data-field-id=\"7\"><label class=\"wpforms-field-label\">O\u00f9 commence votre voyage ?<\/label><ul id=\"wpforms-2528-field_7\"><li class=\"choice-1 depth-1\"><input type=\"radio\" id=\"wpforms-2528-field_7_1\" name=\"wpforms[fields][7]\" value=\"Depuis Marrakech\"  ><label class=\"wpforms-field-label-inline\" for=\"wpforms-2528-field_7_1\">Depuis Marrakech<\/label><\/li><li class=\"choice-2 depth-1\"><input type=\"radio\" id=\"wpforms-2528-field_7_2\" name=\"wpforms[fields][7]\" value=\"Depuis Casablanca\"  ><label class=\"wpforms-field-label-inline\" for=\"wpforms-2528-field_7_2\">Depuis Casablanca<\/label><\/li><li class=\"choice-4 depth-1\"><input type=\"radio\" id=\"wpforms-2528-field_7_4\" name=\"wpforms[fields][7]\" value=\"Depuis Fez\"  ><label class=\"wpforms-field-label-inline\" for=\"wpforms-2528-field_7_4\">Depuis Fez<\/label><\/li><li class=\"choice-5 depth-1\"><input type=\"radio\" id=\"wpforms-2528-field_7_5\" name=\"wpforms[fields][7]\" value=\"Depuis Tangier\"  ><label class=\"wpforms-field-label-inline\" for=\"wpforms-2528-field_7_5\">Depuis Tangier<\/label><\/li><li class=\"choice-6 depth-1\"><input type=\"radio\" id=\"wpforms-2528-field_7_6\" name=\"wpforms[fields][7]\" value=\"Autres\"  ><label class=\"wpforms-field-label-inline\" for=\"wpforms-2528-field_7_6\">Autres<\/label><\/li><\/ul><\/div><div id=\"wpforms-2528-field_8-container\" class=\"wpforms-field wpforms-field-radio\" data-field-id=\"8\"><label class=\"wpforms-field-label\">O\u00f9 se termine votre voyage ? <\/label><ul id=\"wpforms-2528-field_8\"><li class=\"choice-1 depth-1\"><input type=\"radio\" id=\"wpforms-2528-field_8_1\" name=\"wpforms[fields][8]\" value=\"A Marrakech\"  ><label class=\"wpforms-field-label-inline\" for=\"wpforms-2528-field_8_1\">A Marrakech<\/label><\/li><li class=\"choice-2 depth-1\"><input type=\"radio\" id=\"wpforms-2528-field_8_2\" name=\"wpforms[fields][8]\" value=\"A Casablanca\"  ><label class=\"wpforms-field-label-inline\" for=\"wpforms-2528-field_8_2\">A Casablanca<\/label><\/li><li class=\"choice-4 depth-1\"><input type=\"radio\" id=\"wpforms-2528-field_8_4\" name=\"wpforms[fields][8]\" value=\"A Fez\"  ><label class=\"wpforms-field-label-inline\" for=\"wpforms-2528-field_8_4\">A Fez<\/label><\/li><li class=\"choice-5 depth-1\"><input type=\"radio\" id=\"wpforms-2528-field_8_5\" name=\"wpforms[fields][8]\" value=\"A Tangier\"  ><label class=\"wpforms-field-label-inline\" for=\"wpforms-2528-field_8_5\">A Tangier<\/label><\/li><li class=\"choice-6 depth-1\"><input type=\"radio\" id=\"wpforms-2528-field_8_6\" name=\"wpforms[fields][8]\" value=\"Autres\"  ><label class=\"wpforms-field-label-inline\" for=\"wpforms-2528-field_8_6\">Autres<\/label><\/li><\/ul><\/div><div id=\"wpforms-2528-field_2-container\" class=\"wpforms-field wpforms-field-textarea\" data-field-id=\"2\"><label class=\"wpforms-field-label\" for=\"wpforms-2528-field_2\">Si vous avez des besoins sp\u00e9cifiques ou d&#039;autres questions, n&#039;h\u00e9sitez pas \u00e0 les ajouter.<\/label><textarea id=\"wpforms-2528-field_2\" class=\"wpforms-field-medium\" name=\"wpforms[fields][2]\" ><\/textarea><\/div><\/div><!-- .wpforms-field-container --><div class=\"wpforms-submit-container\" ><input type=\"hidden\" name=\"wpforms[id]\" value=\"2528\"><input type=\"hidden\" name=\"page_title\" value=\"\"><input type=\"hidden\" name=\"page_url\" value=\"https:\/\/www.merzouga-destinations.com\/fr\/wp-json\/wp\/v2\/pages\/2348\"><input type=\"hidden\" name=\"url_referer\" value=\"\"><button type=\"submit\" name=\"wpforms[submit]\" id=\"wpforms-submit-2528\" class=\"wpforms-submit\" data-alt-text=\"Envoi des d\u00e9tails de votre circuit...\" data-submit-text=\"Confirmer et envoyer\" aria-live=\"assertive\" value=\"wpforms-submit\">Confirmer et envoyer<\/button><img loading=\"lazy\" decoding=\"async\" src=\"https:\/\/www.merzouga-destinations.com\/wp-content\/plugins\/wpforms-lite\/assets\/images\/submit-spin.svg\" class=\"wpforms-submit-spinner\" style=\"display: none;\" width=\"26\" height=\"26\" alt=\"Chargement en cours\"><\/div><\/form><\/div>  <!-- .wpforms-container -->\t\t\t\t<\/div>\n\t\t\t\t<\/div>\n\t\t\t\t<\/div>\n\t\t\t\t<\/div>\n\t\t","protected":false},"excerpt":{"rendered":"<p>Construisez votre circuit Remplissez vos coordonn\u00e9es ci-dessous en indiquant le voyage dont vous avez besoin et la date. Nous vous r\u00e9pondrons dans les plus brefs d\u00e9lais Please enable JavaScript in your browser to complete this form.Votre nom *Votre Email *Votre Whatsapp *Combien de personnes comptez-vous ? *Quand arriverez-vous ? *Combien de jours et de nuits [&hellip;]<\/p>\n","protected":false},"author":1,"featured_media":0,"parent":0,"menu_order":0,"comment_status":"closed","ping_status":"closed","template":"","meta":{"site-sidebar-layout":"no-sidebar","site-content-layout":"page-builder","ast-site-content-layout":"full-width-container","site-content-style":"default","site-sidebar-style":"default","ast-global-header-display":"","ast-banner-title-visibility":"","ast-main-header-display":"","ast-hfb-above-header-display":"","ast-hfb-below-header-display":"","ast-hfb-mobile-header-display":"","site-post-title":"disabled","ast-breadcrumbs-content":"","ast-featured-img":"disabled","footer-sml-layout":"","theme-transparent-header-meta":"default","adv-header-id-meta":"","stick-header-meta":"","header-above-stick-meta":"","header-main-stick-meta":"","header-below-stick-meta":"","astra-migrate-meta-layouts":"set","ast-page-background-enabled":"default","ast-page-background-meta":{"desktop":{"background-color":"","background-image":"","background-repeat":"repeat","background-position":"center center","background-size":"auto","background-attachment":"scroll","background-type":"","background-media":"","overlay-type":"","overlay-color":"","overlay-gradient":""},"tablet":{"background-color":"","background-image":"","background-repeat":"repeat","background-position":"center center","background-size":"auto","background-attachment":"scroll","background-type":"","background-media":"","overlay-type":"","overlay-color":"","overlay-gradient":""},"mobile":{"background-color":"","background-image":"","background-repeat":"repeat","background-position":"center center","background-size":"auto","background-attachment":"scroll","background-type":"","background-media":"","overlay-type":"","overlay-color":"","overlay-gradient":""}},"ast-content-background-meta":{"desktop":{"background-color":"var(--ast-global-color-5)","background-image":"","background-repeat":"repeat","background-position":"center center","background-size":"auto","background-attachment":"scroll","background-type":"","background-media":"","overlay-type":"","overlay-color":"","overlay-gradient":""},"tablet":{"background-color":"var(--ast-global-color-5)","background-image":"","background-repeat":"repeat","background-position":"center center","background-size":"auto","background-attachment":"scroll","background-type":"","background-media":"","overlay-type":"","overlay-color":"","overlay-gradient":""},"mobile":{"background-color":"var(--ast-global-color-5)","background-image":"","background-repeat":"repeat","background-position":"center center","background-size":"auto","background-attachment":"scroll","background-type":"","background-media":"","overlay-type":"","overlay-color":"","overlay-gradient":""}},"footnotes":""},"class_list":["post-2348","page","type-page","status-publish","hentry"],"yoast_head":"<!-- This site is optimized with the Yoast SEO plugin v26.7 - https:\/\/yoast.com\/wordpress\/plugins\/seo\/ -->\n<title>Construisez votre circuit - Merzouga Destinations<\/title>\n<meta name=\"robots\" content=\"index, follow, max-snippet:-1, max-image-preview:large, max-video-preview:-1\" \/>\n<link rel=\"canonical\" href=\"https:\/\/www.merzouga-destinations.com\/build-your-tour\/\" \/>\n<meta property=\"og:locale\" content=\"fr_FR\" \/>\n<meta property=\"og:type\" content=\"article\" \/>\n<meta property=\"og:title\" content=\"Construisez votre circuit - Merzouga Destinations\" \/>\n<meta property=\"og:description\" content=\"Construisez votre circuit Remplissez vos coordonn\u00e9es ci-dessous en indiquant le voyage dont vous avez besoin et la date. Nous vous r\u00e9pondrons dans les plus brefs d\u00e9lais Please enable JavaScript in your browser to complete this form.Votre nom *Votre Email *Votre Whatsapp *Combien de personnes comptez-vous ? *Quand arriverez-vous ? *Combien de jours et de nuits [&hellip;]\" \/>\n<meta property=\"og:url\" content=\"https:\/\/www.merzouga-destinations.com\/build-your-tour\/\" \/>\n<meta property=\"og:site_name\" content=\"Merzouga Destinations\" \/>\n<meta property=\"article:modified_time\" content=\"2024-02-02T15:48:01+00:00\" \/>\n<meta property=\"og:image\" content=\"https:\/\/www.merzouga-destinations.com\/wp-content\/uploads\/2025\/02\/fce12b04208a70d76ded7df136328ff9.jpgwp-content\/plugins\/wpforms-lite\/assets\/images\/submit-spin.svg\" \/>\n<meta name=\"twitter:card\" content=\"summary_large_image\" \/>\n<script type=\"application\/ld+json\" class=\"yoast-schema-graph\">{\"@context\":\"https:\/\/schema.org\",\"@graph\":[{\"@type\":\"WebPage\",\"@id\":\"https:\/\/www.merzouga-destinations.com\/build-your-tour\/\",\"url\":\"https:\/\/www.merzouga-destinations.com\/build-your-tour\/\",\"name\":\"Construisez votre circuit - Merzouga Destinations\",\"isPartOf\":{\"@id\":\"https:\/\/www.merzouga-destinations.com\/#website\"},\"primaryImageOfPage\":{\"@id\":\"https:\/\/www.merzouga-destinations.com\/build-your-tour\/#primaryimage\"},\"image\":{\"@id\":\"https:\/\/www.merzouga-destinations.com\/build-your-tour\/#primaryimage\"},\"thumbnailUrl\":\"https:\/\/www.merzouga-destinations.com\/wp-content\/uploads\/2025\/02\/fce12b04208a70d76ded7df136328ff9.jpgwp-content\/plugins\/wpforms-lite\/assets\/images\/submit-spin.svg\",\"datePublished\":\"2024-01-29T20:28:47+00:00\",\"dateModified\":\"2024-02-02T15:48:01+00:00\",\"breadcrumb\":{\"@id\":\"https:\/\/www.merzouga-destinations.com\/build-your-tour\/#breadcrumb\"},\"inLanguage\":\"fr-FR\",\"potentialAction\":[{\"@type\":\"ReadAction\",\"target\":[\"https:\/\/www.merzouga-destinations.com\/build-your-tour\/\"]}]},{\"@type\":\"ImageObject\",\"inLanguage\":\"fr-FR\",\"@id\":\"https:\/\/www.merzouga-destinations.com\/build-your-tour\/#primaryimage\",\"url\":\"https:\/\/www.merzouga-destinations.com\/wp-content\/uploads\/2025\/02\/fce12b04208a70d76ded7df136328ff9.jpgwp-content\/plugins\/wpforms-lite\/assets\/images\/submit-spin.svg\",\"contentUrl\":\"https:\/\/www.merzouga-destinations.com\/wp-content\/uploads\/2025\/02\/fce12b04208a70d76ded7df136328ff9.jpgwp-content\/plugins\/wpforms-lite\/assets\/images\/submit-spin.svg\"},{\"@type\":\"BreadcrumbList\",\"@id\":\"https:\/\/www.merzouga-destinations.com\/build-your-tour\/#breadcrumb\",\"itemListElement\":[{\"@type\":\"ListItem\",\"position\":1,\"name\":\"Home\",\"item\":\"https:\/\/www.merzouga-destinations.com\/fr\/\"},{\"@type\":\"ListItem\",\"position\":2,\"name\":\"Construisez votre circuit\"}]},{\"@type\":\"WebSite\",\"@id\":\"https:\/\/www.merzouga-destinations.com\/#website\",\"url\":\"https:\/\/www.merzouga-destinations.com\/\",\"name\":\"Merzouga Destinations\",\"description\":\"Merzouga Destinations\",\"publisher\":{\"@id\":\"https:\/\/www.merzouga-destinations.com\/#organization\"},\"potentialAction\":[{\"@type\":\"SearchAction\",\"target\":{\"@type\":\"EntryPoint\",\"urlTemplate\":\"https:\/\/www.merzouga-destinations.com\/?s={search_term_string}\"},\"query-input\":{\"@type\":\"PropertyValueSpecification\",\"valueRequired\":true,\"valueName\":\"search_term_string\"}}],\"inLanguage\":\"fr-FR\"},{\"@type\":\"Organization\",\"@id\":\"https:\/\/www.merzouga-destinations.com\/#organization\",\"name\":\"Merzouga Destinations\",\"url\":\"https:\/\/www.merzouga-destinations.com\/\",\"logo\":{\"@type\":\"ImageObject\",\"inLanguage\":\"fr-FR\",\"@id\":\"https:\/\/www.merzouga-destinations.com\/#\/schema\/logo\/image\/\",\"url\":\"https:\/\/i0.wp.com\/www.merzouga-destinations.com\/wp-content\/uploads\/2025\/10\/site-logo.png?fit=180%2C60&ssl=1\",\"contentUrl\":\"https:\/\/i0.wp.com\/www.merzouga-destinations.com\/wp-content\/uploads\/2025\/10\/site-logo.png?fit=180%2C60&ssl=1\",\"width\":180,\"height\":60,\"caption\":\"Merzouga Destinations\"},\"image\":{\"@id\":\"https:\/\/www.merzouga-destinations.com\/#\/schema\/logo\/image\/\"}}]}<\/script>\n<!-- \/ Yoast SEO plugin. -->","yoast_head_json":{"title":"Construisez votre circuit - Merzouga Destinations","robots":{"index":"index","follow":"follow","max-snippet":"max-snippet:-1","max-image-preview":"max-image-preview:large","max-video-preview":"max-video-preview:-1"},"canonical":"https:\/\/www.merzouga-destinations.com\/build-your-tour\/","og_locale":"fr_FR","og_type":"article","og_title":"Construisez votre circuit - Merzouga Destinations","og_description":"Construisez votre circuit Remplissez vos coordonn\u00e9es ci-dessous en indiquant le voyage dont vous avez besoin et la date. Nous vous r\u00e9pondrons dans les plus brefs d\u00e9lais Please enable JavaScript in your browser to complete this form.Votre nom *Votre Email *Votre Whatsapp *Combien de personnes comptez-vous ? *Quand arriverez-vous ? *Combien de jours et de nuits [&hellip;]","og_url":"https:\/\/www.merzouga-destinations.com\/build-your-tour\/","og_site_name":"Merzouga Destinations","article_modified_time":"2024-02-02T15:48:01+00:00","og_image":[{"url":"https:\/\/www.merzouga-destinations.com\/wp-content\/uploads\/2025\/02\/fce12b04208a70d76ded7df136328ff9.jpgwp-content\/plugins\/wpforms-lite\/assets\/images\/submit-spin.svg","type":"","width":"","height":""}],"twitter_card":"summary_large_image","schema":{"@context":"https:\/\/schema.org","@graph":[{"@type":"WebPage","@id":"https:\/\/www.merzouga-destinations.com\/build-your-tour\/","url":"https:\/\/www.merzouga-destinations.com\/build-your-tour\/","name":"Construisez votre circuit - Merzouga Destinations","isPartOf":{"@id":"https:\/\/www.merzouga-destinations.com\/#website"},"primaryImageOfPage":{"@id":"https:\/\/www.merzouga-destinations.com\/build-your-tour\/#primaryimage"},"image":{"@id":"https:\/\/www.merzouga-destinations.com\/build-your-tour\/#primaryimage"},"thumbnailUrl":"https:\/\/www.merzouga-destinations.com\/wp-content\/uploads\/2025\/02\/fce12b04208a70d76ded7df136328ff9.jpgwp-content\/plugins\/wpforms-lite\/assets\/images\/submit-spin.svg","datePublished":"2024-01-29T20:28:47+00:00","dateModified":"2024-02-02T15:48:01+00:00","breadcrumb":{"@id":"https:\/\/www.merzouga-destinations.com\/build-your-tour\/#breadcrumb"},"inLanguage":"fr-FR","potentialAction":[{"@type":"ReadAction","target":["https:\/\/www.merzouga-destinations.com\/build-your-tour\/"]}]},{"@type":"ImageObject","inLanguage":"fr-FR","@id":"https:\/\/www.merzouga-destinations.com\/build-your-tour\/#primaryimage","url":"https:\/\/www.merzouga-destinations.com\/wp-content\/uploads\/2025\/02\/fce12b04208a70d76ded7df136328ff9.jpgwp-content\/plugins\/wpforms-lite\/assets\/images\/submit-spin.svg","contentUrl":"https:\/\/www.merzouga-destinations.com\/wp-content\/uploads\/2025\/02\/fce12b04208a70d76ded7df136328ff9.jpgwp-content\/plugins\/wpforms-lite\/assets\/images\/submit-spin.svg"},{"@type":"BreadcrumbList","@id":"https:\/\/www.merzouga-destinations.com\/build-your-tour\/#breadcrumb","itemListElement":[{"@type":"ListItem","position":1,"name":"Home","item":"https:\/\/www.merzouga-destinations.com\/fr\/"},{"@type":"ListItem","position":2,"name":"Construisez votre circuit"}]},{"@type":"WebSite","@id":"https:\/\/www.merzouga-destinations.com\/#website","url":"https:\/\/www.merzouga-destinations.com\/","name":"Merzouga Destinations","description":"Merzouga Destinations","publisher":{"@id":"https:\/\/www.merzouga-destinations.com\/#organization"},"potentialAction":[{"@type":"SearchAction","target":{"@type":"EntryPoint","urlTemplate":"https:\/\/www.merzouga-destinations.com\/?s={search_term_string}"},"query-input":{"@type":"PropertyValueSpecification","valueRequired":true,"valueName":"search_term_string"}}],"inLanguage":"fr-FR"},{"@type":"Organization","@id":"https:\/\/www.merzouga-destinations.com\/#organization","name":"Merzouga Destinations","url":"https:\/\/www.merzouga-destinations.com\/","logo":{"@type":"ImageObject","inLanguage":"fr-FR","@id":"https:\/\/www.merzouga-destinations.com\/#\/schema\/logo\/image\/","url":"https:\/\/i0.wp.com\/www.merzouga-destinations.com\/wp-content\/uploads\/2025\/10\/site-logo.png?fit=180%2C60&ssl=1","contentUrl":"https:\/\/i0.wp.com\/www.merzouga-destinations.com\/wp-content\/uploads\/2025\/10\/site-logo.png?fit=180%2C60&ssl=1","width":180,"height":60,"caption":"Merzouga Destinations"},"image":{"@id":"https:\/\/www.merzouga-destinations.com\/#\/schema\/logo\/image\/"}}]}},"jetpack_sharing_enabled":true,"_links":{"self":[{"href":"https:\/\/www.merzouga-destinations.com\/fr\/wp-json\/wp\/v2\/pages\/2348","targetHints":{"allow":["GET"]}}],"collection":[{"href":"https:\/\/www.merzouga-destinations.com\/fr\/wp-json\/wp\/v2\/pages"}],"about":[{"href":"https:\/\/www.merzouga-destinations.com\/fr\/wp-json\/wp\/v2\/types\/page"}],"author":[{"embeddable":true,"href":"https:\/\/www.merzouga-destinations.com\/fr\/wp-json\/wp\/v2\/users\/1"}],"replies":[{"embeddable":true,"href":"https:\/\/www.merzouga-destinations.com\/fr\/wp-json\/wp\/v2\/comments?post=2348"}],"version-history":[{"count":5,"href":"https:\/\/www.merzouga-destinations.com\/fr\/wp-json\/wp\/v2\/pages\/2348\/revisions"}],"predecessor-version":[{"id":2534,"href":"https:\/\/www.merzouga-destinations.com\/fr\/wp-json\/wp\/v2\/pages\/2348\/revisions\/2534"}],"wp:attachment":[{"href":"https:\/\/www.merzouga-destinations.com\/fr\/wp-json\/wp\/v2\/media?parent=2348"}],"curies":[{"name":"wp","href":"https:\/\/api.w.org\/{rel}","templated":true}]}}