{"id":2326,"date":"2024-01-30T14:19:36","date_gmt":"2024-01-30T14:19:36","guid":{"rendered":"https:\/\/moroccoshinytrips.com\/viajes-al-campamento-de-lujo-del-desierto-de-merzouga\/"},"modified":"2026-01-30T13:09:14","modified_gmt":"2026-01-30T13:09:14","slug":"viajes-al-campamento-de-lujo-del-desierto-de-merzouga","status":"publish","type":"page","link":"https:\/\/www.merzouga-destinations.com\/es\/viajes-al-campamento-de-lujo-del-desierto-de-merzouga\/","title":{"rendered":"Viajes al campamento de lujo del desierto de Merzouga"},"content":{"rendered":"\t\t<div data-elementor-type=\"wp-page\" data-elementor-id=\"2326\" class=\"elementor elementor-2326 elementor-2235\">\n\t\t\t\t<div class=\"elementor-element elementor-element-2b70c226 e-flex e-con-boxed e-con e-parent\" data-id=\"2b70c226\" data-element_type=\"container\" data-settings=\"{&quot;background_background&quot;:&quot;classic&quot;}\">\n\t\t\t\t\t<div class=\"e-con-inner\">\n\t\t\t\t<div class=\"elementor-element elementor-element-12208b76 animated-slow elementor-invisible elementor-widget elementor-widget-heading\" data-id=\"12208b76\" data-element_type=\"widget\" data-settings=\"{&quot;_animation&quot;:&quot;slideInUp&quot;}\" data-widget_type=\"heading.default\">\n\t\t\t\t<div class=\"elementor-widget-container\">\n\t\t\t\t\t<h2 class=\"elementor-heading-title elementor-size-default\">Merzouga Destinations<\/h2>\t\t\t\t<\/div>\n\t\t\t\t<\/div>\n\t\t\t\t<div class=\"elementor-element elementor-element-433349e9 animated-slow elementor-invisible elementor-widget elementor-widget-heading\" data-id=\"433349e9\" data-element_type=\"widget\" data-settings=\"{&quot;_animation&quot;:&quot;slideInUp&quot;}\" data-widget_type=\"heading.default\">\n\t\t\t\t<div class=\"elementor-widget-container\">\n\t\t\t\t\t<h2 class=\"elementor-heading-title elementor-size-default\">Merzouga excursiones<\/h2>\t\t\t\t<\/div>\n\t\t\t\t<\/div>\n\t\t\t\t\t<\/div>\n\t\t\t\t<\/div>\n\t\t<div class=\"elementor-element elementor-element-6fb8ed8 e-flex e-con-boxed e-con e-parent\" data-id=\"6fb8ed8\" data-element_type=\"container\">\n\t\t\t\t\t<div class=\"e-con-inner\">\n\t\t\t\t<div class=\"elementor-element elementor-element-ff82bc6 elementor-widget elementor-widget-text-editor\" data-id=\"ff82bc6\" data-element_type=\"widget\" data-widget_type=\"text-editor.default\">\n\t\t\t\t<div class=\"elementor-widget-container\">\n\t\t\t\t\t\t\t\t\t<p>Emb\u00e1rquese en un viaje de descubrimiento con nuestra variada gama de excursiones desde Marrakech con Merzouga Destinations, pensadas para ofrecerle una aut\u00e9ntica experiencia de esta encantadora ciudad y los tesoros que la rodean; Nuestra cuidada selecci\u00f3n de viajes satisface los deseos de cada viajero, garantizando una combinaci\u00f3n perfecta de cultura, historia y aventura;<\/p>\n\t\t\t\t\t\t\t\t<\/div>\n\t\t\t\t<\/div>\n\t\t\t\t<div class=\"elementor-element elementor-element-5b2fea2 elementor-widget elementor-widget-uael-posts\" data-id=\"5b2fea2\" data-element_type=\"widget\" data-settings=\"{&quot;card_slides_to_show&quot;:3,&quot;card_slides_to_show_tablet&quot;:2,&quot;card_slides_to_show_mobile&quot;:1,&quot;card_show_filters&quot;:&quot;no&quot;}\" data-widget_type=\"uael-posts.card\">\n\t\t\t\t<div class=\"elementor-widget-container\">\n\t\t\t\t\t\t\t<div class=\"uael-post__header\">\n\t\t\t\t\t<\/div>\n\t\t<div class=\"uael-post__body\">\n\t\t\t\n\t\t\n\t\t<div class=\"uael-post-grid uael-posts\" data-query-type=\"custom\" data-structure=\"masonry\" data-layout=\"masonry\" data-page=\"2326\" data-skin=\"card\" data-filter-default=\"\" data-offset-top=\"30\" >\n\n\t\t\t\t\t\t\t<div class=\"uael-post-grid__inner uael-post__columns-3 uael-post__columns-tablet-2 uael-post__columns-mobile-1 uael-post-masonry\">\n\t\t\t\n<div class=\"uael-post-wrapper   3-dias viajes-al-campamento-de-lujo-del-desierto-de-merzouga \">\n\t<div class=\"uael-post__bg-wrap\">\n\n\t\t\t\t\n\t\t<div class=\"uael-post__inner-wrap \">\n\n\t\t\t\t<div class=\"uael-post__thumbnail\">\n\t\t\t\n\t\t\t<a href=\"https:\/\/www.merzouga-destinations.com\/es\/merzouga-3-dias-2-noches-local-desierto-viaje-eventos\/\" target=\"_self\" title=\"Merzouga 3 d\u00edas 2 noches local desierto viaje eventos\"><img loading=\"lazy\" decoding=\"async\" width=\"1080\" height=\"701\" src=\"https:\/\/i0.wp.com\/www.merzouga-destinations.com\/wp-content\/uploads\/2024\/01\/WhatsApp-Image-2024-01-28-at-20.58.10-1.jpeg?fit=1080%2C701&amp;ssl=1\" class=\"attachment-full size-full wp-image-954\" alt=\"\" srcset=\"https:\/\/i0.wp.com\/www.merzouga-destinations.com\/wp-content\/uploads\/2024\/01\/WhatsApp-Image-2024-01-28-at-20.58.10-1.jpeg?w=1080&amp;ssl=1 1080w, https:\/\/i0.wp.com\/www.merzouga-destinations.com\/wp-content\/uploads\/2024\/01\/WhatsApp-Image-2024-01-28-at-20.58.10-1.jpeg?resize=300%2C195&amp;ssl=1 300w, https:\/\/i0.wp.com\/www.merzouga-destinations.com\/wp-content\/uploads\/2024\/01\/WhatsApp-Image-2024-01-28-at-20.58.10-1.jpeg?resize=1024%2C665&amp;ssl=1 1024w, https:\/\/i0.wp.com\/www.merzouga-destinations.com\/wp-content\/uploads\/2024\/01\/WhatsApp-Image-2024-01-28-at-20.58.10-1.jpeg?resize=768%2C498&amp;ssl=1 768w\" sizes=\"auto, (max-width: 1000px) 100vw, 1000px\" \/><\/a>\n\t\t\t\t\t<\/div>\n\t\t\n\t\t\t\n\t\t\t<div class=\"uael-post__content-wrap\">\n\n\t\t\t\t\t<h4 class=\"uael-post__title\">\n\n\t\t\n\t\t\t\t\t\t<a href=\"https:\/\/www.merzouga-destinations.com\/es\/merzouga-3-dias-2-noches-local-desierto-viaje-eventos\/\" target=\"_self\">\n\t\t\t\tMerzouga 3 d\u00edas 2 noches local desierto viaje eventos\t\t\t<\/a>\n\n\t\t\t\t<\/h4>\n\t\t<div class=\"uael-post__separator\"><\/div>\t\t\t<\/div>\n\t\t\t\n\t\t<\/div>\n\t\t\n\t<\/div>\n\n<\/div>\n\n<div class=\"uael-post-wrapper   viajes-al-campamento-de-lujo-del-desierto-de-merzouga \">\n\t<div class=\"uael-post__bg-wrap\">\n\n\t\t\t\t\n\t\t<div class=\"uael-post__inner-wrap \">\n\n\t\t\t\t<div class=\"uael-post__thumbnail\">\n\t\t\t\n\t\t\t<a href=\"https:\/\/www.merzouga-destinations.com\/es\/campamento-de-lujo\/\" target=\"_self\" title=\"Campamento de lujo\"><img loading=\"lazy\" decoding=\"async\" width=\"1058\" height=\"933\" src=\"https:\/\/i0.wp.com\/www.merzouga-destinations.com\/wp-content\/uploads\/2024\/01\/WhatsApp-Image-2024-01-30-at-15.24.54-1.jpeg?fit=1058%2C933&amp;ssl=1\" class=\"attachment-full size-full wp-image-2256\" alt=\"\" srcset=\"https:\/\/i0.wp.com\/www.merzouga-destinations.com\/wp-content\/uploads\/2024\/01\/WhatsApp-Image-2024-01-30-at-15.24.54-1.jpeg?w=1058&amp;ssl=1 1058w, https:\/\/i0.wp.com\/www.merzouga-destinations.com\/wp-content\/uploads\/2024\/01\/WhatsApp-Image-2024-01-30-at-15.24.54-1.jpeg?resize=300%2C265&amp;ssl=1 300w, https:\/\/i0.wp.com\/www.merzouga-destinations.com\/wp-content\/uploads\/2024\/01\/WhatsApp-Image-2024-01-30-at-15.24.54-1.jpeg?resize=1024%2C903&amp;ssl=1 1024w, https:\/\/i0.wp.com\/www.merzouga-destinations.com\/wp-content\/uploads\/2024\/01\/WhatsApp-Image-2024-01-30-at-15.24.54-1.jpeg?resize=768%2C677&amp;ssl=1 768w\" sizes=\"auto, (max-width: 1000px) 100vw, 1000px\" \/><\/a>\n\t\t\t\t\t<\/div>\n\t\t\n\t\t\t\n\t\t\t<div class=\"uael-post__content-wrap\">\n\n\t\t\t\t\t<h4 class=\"uael-post__title\">\n\n\t\t\n\t\t\t\t\t\t<a href=\"https:\/\/www.merzouga-destinations.com\/es\/campamento-de-lujo\/\" target=\"_self\">\n\t\t\t\tCampamento de lujo\t\t\t<\/a>\n\n\t\t\t\t<\/h4>\n\t\t<div class=\"uael-post__separator\"><\/div>\t\t\t<\/div>\n\t\t\t\n\t\t<\/div>\n\t\t\n\t<\/div>\n\n<\/div>\n\n<div class=\"uael-post-wrapper   viajes-al-campamento-de-lujo-del-desierto-de-merzouga \">\n\t<div class=\"uael-post__bg-wrap\">\n\n\t\t\t\t\n\t\t<div class=\"uael-post__inner-wrap \">\n\n\t\t\t\t<div class=\"uael-post__thumbnail\">\n\t\t\t\n\t\t\t<a href=\"https:\/\/www.merzouga-destinations.com\/es\/viaje-al-campamento-nomada\/\" target=\"_self\" title=\"Viaje al campamento n\u00f3mada\"><img loading=\"lazy\" decoding=\"async\" width=\"869\" height=\"869\" src=\"https:\/\/i0.wp.com\/www.merzouga-destinations.com\/wp-content\/uploads\/2024\/01\/WhatsApp-Image-2024-01-30-at-15.24.55.jpeg?fit=869%2C869&amp;ssl=1\" class=\"attachment-full size-full wp-image-2250\" alt=\"\" srcset=\"https:\/\/i0.wp.com\/www.merzouga-destinations.com\/wp-content\/uploads\/2024\/01\/WhatsApp-Image-2024-01-30-at-15.24.55.jpeg?w=869&amp;ssl=1 869w, https:\/\/i0.wp.com\/www.merzouga-destinations.com\/wp-content\/uploads\/2024\/01\/WhatsApp-Image-2024-01-30-at-15.24.55.jpeg?resize=300%2C300&amp;ssl=1 300w, https:\/\/i0.wp.com\/www.merzouga-destinations.com\/wp-content\/uploads\/2024\/01\/WhatsApp-Image-2024-01-30-at-15.24.55.jpeg?resize=150%2C150&amp;ssl=1 150w, https:\/\/i0.wp.com\/www.merzouga-destinations.com\/wp-content\/uploads\/2024\/01\/WhatsApp-Image-2024-01-30-at-15.24.55.jpeg?resize=768%2C768&amp;ssl=1 768w\" sizes=\"auto, (max-width: 869px) 100vw, 869px\" \/><\/a>\n\t\t\t\t\t<\/div>\n\t\t\n\t\t\t\n\t\t\t<div class=\"uael-post__content-wrap\">\n\n\t\t\t\t\t<h4 class=\"uael-post__title\">\n\n\t\t\n\t\t\t\t\t\t<a href=\"https:\/\/www.merzouga-destinations.com\/es\/viaje-al-campamento-nomada\/\" target=\"_self\">\n\t\t\t\tViaje al campamento n\u00f3mada\t\t\t<\/a>\n\n\t\t\t\t<\/h4>\n\t\t<div class=\"uael-post__separator\"><\/div>\t\t\t<\/div>\n\t\t\t\n\t\t<\/div>\n\t\t\n\t<\/div>\n\n<\/div>\n\t\t\t\t<\/div>\n\t\t\t\t\t\t\n\t\t<\/div>\n\n\t\t\t\t\t\t<\/div>\n\t\t<div class=\"uael-post__footer\">\n\t\t\t\t\t<\/div>\n\t\t\t\t\t\t<\/div>\n\t\t\t\t<\/div>\n\t\t\t\t\t<\/div>\n\t\t\t\t<\/div>\n\t\t\t\t<\/div>\n\t\t","protected":false},"excerpt":{"rendered":"<p>Merzouga Destinations Merzouga excursiones Emb\u00e1rquese en un viaje de descubrimiento con nuestra variada gama de excursiones desde Marrakech con Merzouga Destinations, pensadas para ofrecerle una aut\u00e9ntica experiencia de esta encantadora ciudad y los tesoros que la rodean; Nuestra cuidada selecci\u00f3n de viajes satisface los deseos de cada viajero, garantizando una combinaci\u00f3n perfecta de cultura, historia [&hellip;]<\/p>\n","protected":false},"author":1,"featured_media":0,"parent":0,"menu_order":0,"comment_status":"closed","ping_status":"closed","template":"","meta":{"site-sidebar-layout":"no-sidebar","site-content-layout":"page-builder","ast-site-content-layout":"full-width-container","site-content-style":"default","site-sidebar-style":"default","ast-global-header-display":"","ast-banner-title-visibility":"","ast-main-header-display":"","ast-hfb-above-header-display":"","ast-hfb-below-header-display":"","ast-hfb-mobile-header-display":"","site-post-title":"disabled","ast-breadcrumbs-content":"","ast-featured-img":"disabled","footer-sml-layout":"","theme-transparent-header-meta":"","adv-header-id-meta":"","stick-header-meta":"","header-above-stick-meta":"","header-main-stick-meta":"","header-below-stick-meta":"","astra-migrate-meta-layouts":"default","ast-page-background-enabled":"default","ast-page-background-meta":{"desktop":{"background-color":"","background-image":"","background-repeat":"repeat","background-position":"center center","background-size":"auto","background-attachment":"scroll","background-type":"","background-media":"","overlay-type":"","overlay-color":"","overlay-gradient":""},"tablet":{"background-color":"","background-image":"","background-repeat":"repeat","background-position":"center center","background-size":"auto","background-attachment":"scroll","background-type":"","background-media":"","overlay-type":"","overlay-color":"","overlay-gradient":""},"mobile":{"background-color":"","background-image":"","background-repeat":"repeat","background-position":"center center","background-size":"auto","background-attachment":"scroll","background-type":"","background-media":"","overlay-type":"","overlay-color":"","overlay-gradient":""}},"ast-content-background-meta":{"desktop":{"background-color":"var(--ast-global-color-5)","background-image":"","background-repeat":"repeat","background-position":"center center","background-size":"auto","background-attachment":"scroll","background-type":"","background-media":"","overlay-type":"","overlay-color":"","overlay-gradient":""},"tablet":{"background-color":"var(--ast-global-color-5)","background-image":"","background-repeat":"repeat","background-position":"center center","background-size":"auto","background-attachment":"scroll","background-type":"","background-media":"","overlay-type":"","overlay-color":"","overlay-gradient":""},"mobile":{"background-color":"var(--ast-global-color-5)","background-image":"","background-repeat":"repeat","background-position":"center center","background-size":"auto","background-attachment":"scroll","background-type":"","background-media":"","overlay-type":"","overlay-color":"","overlay-gradient":""}},"footnotes":""},"class_list":["post-2326","page","type-page","status-publish","hentry"],"yoast_head":"<!-- This site is optimized with the Yoast SEO plugin v26.7 - https:\/\/yoast.com\/wordpress\/plugins\/seo\/ -->\n<title>Viajes al campamento de lujo del desierto de Merzouga - Merzouga Destinations<\/title>\n<meta name=\"robots\" content=\"index, follow, max-snippet:-1, max-image-preview:large, max-video-preview:-1\" \/>\n<link rel=\"canonical\" href=\"https:\/\/www.merzouga-destinations.com\/es\/viajes-al-campamento-de-lujo-del-desierto-de-merzouga\/\" \/>\n<meta property=\"og:locale\" content=\"es_ES\" \/>\n<meta property=\"og:type\" content=\"article\" \/>\n<meta property=\"og:title\" content=\"Viajes al campamento de lujo del desierto de Merzouga - Merzouga Destinations\" \/>\n<meta property=\"og:description\" content=\"Merzouga Destinations Merzouga excursiones Emb\u00e1rquese en un viaje de descubrimiento con nuestra variada gama de excursiones desde Marrakech con Merzouga Destinations, pensadas para ofrecerle una aut\u00e9ntica experiencia de esta encantadora ciudad y los tesoros que la rodean; Nuestra cuidada selecci\u00f3n de viajes satisface los deseos de cada viajero, garantizando una combinaci\u00f3n perfecta de cultura, historia [&hellip;]\" \/>\n<meta property=\"og:url\" content=\"https:\/\/www.merzouga-destinations.com\/es\/viajes-al-campamento-de-lujo-del-desierto-de-merzouga\/\" \/>\n<meta property=\"og:site_name\" content=\"Merzouga Destinations\" \/>\n<meta property=\"article:modified_time\" content=\"2026-01-30T13:09:14+00:00\" \/>\n<meta property=\"og:image\" content=\"https:\/\/www.merzouga-destinations.com\/wp-content\/uploads\/2024\/01\/WhatsApp-Image-2024-01-28-at-20.58.10-1.jpeg\" \/>\n<meta name=\"twitter:card\" content=\"summary_large_image\" \/>\n<meta name=\"twitter:label1\" content=\"Tiempo de lectura\" \/>\n\t<meta name=\"twitter:data1\" content=\"1 minuto\" \/>\n<script type=\"application\/ld+json\" class=\"yoast-schema-graph\">{\"@context\":\"https:\/\/schema.org\",\"@graph\":[{\"@type\":\"WebPage\",\"@id\":\"https:\/\/www.merzouga-destinations.com\/es\/viajes-al-campamento-de-lujo-del-desierto-de-merzouga\/\",\"url\":\"https:\/\/www.merzouga-destinations.com\/es\/viajes-al-campamento-de-lujo-del-desierto-de-merzouga\/\",\"name\":\"Viajes al campamento de lujo del desierto de Merzouga - Merzouga Destinations\",\"isPartOf\":{\"@id\":\"https:\/\/www.merzouga-destinations.com\/#website\"},\"primaryImageOfPage\":{\"@id\":\"https:\/\/www.merzouga-destinations.com\/es\/viajes-al-campamento-de-lujo-del-desierto-de-merzouga\/#primaryimage\"},\"image\":{\"@id\":\"https:\/\/www.merzouga-destinations.com\/es\/viajes-al-campamento-de-lujo-del-desierto-de-merzouga\/#primaryimage\"},\"thumbnailUrl\":\"https:\/\/www.merzouga-destinations.com\/wp-content\/uploads\/2024\/01\/WhatsApp-Image-2024-01-28-at-20.58.10-1.jpeg\",\"datePublished\":\"2024-01-30T14:19:36+00:00\",\"dateModified\":\"2026-01-30T13:09:14+00:00\",\"breadcrumb\":{\"@id\":\"https:\/\/www.merzouga-destinations.com\/es\/viajes-al-campamento-de-lujo-del-desierto-de-merzouga\/#breadcrumb\"},\"inLanguage\":\"es\",\"potentialAction\":[{\"@type\":\"ReadAction\",\"target\":[\"https:\/\/www.merzouga-destinations.com\/es\/viajes-al-campamento-de-lujo-del-desierto-de-merzouga\/\"]}]},{\"@type\":\"ImageObject\",\"inLanguage\":\"es\",\"@id\":\"https:\/\/www.merzouga-destinations.com\/es\/viajes-al-campamento-de-lujo-del-desierto-de-merzouga\/#primaryimage\",\"url\":\"https:\/\/www.merzouga-destinations.com\/wp-content\/uploads\/2024\/01\/WhatsApp-Image-2024-01-28-at-20.58.10-1.jpeg\",\"contentUrl\":\"https:\/\/www.merzouga-destinations.com\/wp-content\/uploads\/2024\/01\/WhatsApp-Image-2024-01-28-at-20.58.10-1.jpeg\"},{\"@type\":\"BreadcrumbList\",\"@id\":\"https:\/\/www.merzouga-destinations.com\/es\/viajes-al-campamento-de-lujo-del-desierto-de-merzouga\/#breadcrumb\",\"itemListElement\":[{\"@type\":\"ListItem\",\"position\":1,\"name\":\"Home\",\"item\":\"https:\/\/www.merzouga-destinations.com\/es\/\"},{\"@type\":\"ListItem\",\"position\":2,\"name\":\"Viajes al campamento de lujo del desierto de Merzouga\"}]},{\"@type\":\"WebSite\",\"@id\":\"https:\/\/www.merzouga-destinations.com\/#website\",\"url\":\"https:\/\/www.merzouga-destinations.com\/\",\"name\":\"Merzouga Destinations\",\"description\":\"Merzouga Destinations\",\"publisher\":{\"@id\":\"https:\/\/www.merzouga-destinations.com\/#organization\"},\"potentialAction\":[{\"@type\":\"SearchAction\",\"target\":{\"@type\":\"EntryPoint\",\"urlTemplate\":\"https:\/\/www.merzouga-destinations.com\/?s={search_term_string}\"},\"query-input\":{\"@type\":\"PropertyValueSpecification\",\"valueRequired\":true,\"valueName\":\"search_term_string\"}}],\"inLanguage\":\"es\"},{\"@type\":\"Organization\",\"@id\":\"https:\/\/www.merzouga-destinations.com\/#organization\",\"name\":\"Merzouga Destinations\",\"url\":\"https:\/\/www.merzouga-destinations.com\/\",\"logo\":{\"@type\":\"ImageObject\",\"inLanguage\":\"es\",\"@id\":\"https:\/\/www.merzouga-destinations.com\/#\/schema\/logo\/image\/\",\"url\":\"https:\/\/i0.wp.com\/www.merzouga-destinations.com\/wp-content\/uploads\/2025\/10\/site-logo.png?fit=180%2C60&ssl=1\",\"contentUrl\":\"https:\/\/i0.wp.com\/www.merzouga-destinations.com\/wp-content\/uploads\/2025\/10\/site-logo.png?fit=180%2C60&ssl=1\",\"width\":180,\"height\":60,\"caption\":\"Merzouga Destinations\"},\"image\":{\"@id\":\"https:\/\/www.merzouga-destinations.com\/#\/schema\/logo\/image\/\"}}]}<\/script>\n<!-- \/ Yoast SEO plugin. -->","yoast_head_json":{"title":"Viajes al campamento de lujo del desierto de Merzouga - Merzouga Destinations","robots":{"index":"index","follow":"follow","max-snippet":"max-snippet:-1","max-image-preview":"max-image-preview:large","max-video-preview":"max-video-preview:-1"},"canonical":"https:\/\/www.merzouga-destinations.com\/es\/viajes-al-campamento-de-lujo-del-desierto-de-merzouga\/","og_locale":"es_ES","og_type":"article","og_title":"Viajes al campamento de lujo del desierto de Merzouga - Merzouga Destinations","og_description":"Merzouga Destinations Merzouga excursiones Emb\u00e1rquese en un viaje de descubrimiento con nuestra variada gama de excursiones desde Marrakech con Merzouga Destinations, pensadas para ofrecerle una aut\u00e9ntica experiencia de esta encantadora ciudad y los tesoros que la rodean; Nuestra cuidada selecci\u00f3n de viajes satisface los deseos de cada viajero, garantizando una combinaci\u00f3n perfecta de cultura, historia [&hellip;]","og_url":"https:\/\/www.merzouga-destinations.com\/es\/viajes-al-campamento-de-lujo-del-desierto-de-merzouga\/","og_site_name":"Merzouga Destinations","article_modified_time":"2026-01-30T13:09:14+00:00","og_image":[{"url":"https:\/\/www.merzouga-destinations.com\/wp-content\/uploads\/2024\/01\/WhatsApp-Image-2024-01-28-at-20.58.10-1.jpeg","type":"","width":"","height":""}],"twitter_card":"summary_large_image","twitter_misc":{"Tiempo de lectura":"1 minuto"},"schema":{"@context":"https:\/\/schema.org","@graph":[{"@type":"WebPage","@id":"https:\/\/www.merzouga-destinations.com\/es\/viajes-al-campamento-de-lujo-del-desierto-de-merzouga\/","url":"https:\/\/www.merzouga-destinations.com\/es\/viajes-al-campamento-de-lujo-del-desierto-de-merzouga\/","name":"Viajes al campamento de lujo del desierto de Merzouga - Merzouga Destinations","isPartOf":{"@id":"https:\/\/www.merzouga-destinations.com\/#website"},"primaryImageOfPage":{"@id":"https:\/\/www.merzouga-destinations.com\/es\/viajes-al-campamento-de-lujo-del-desierto-de-merzouga\/#primaryimage"},"image":{"@id":"https:\/\/www.merzouga-destinations.com\/es\/viajes-al-campamento-de-lujo-del-desierto-de-merzouga\/#primaryimage"},"thumbnailUrl":"https:\/\/www.merzouga-destinations.com\/wp-content\/uploads\/2024\/01\/WhatsApp-Image-2024-01-28-at-20.58.10-1.jpeg","datePublished":"2024-01-30T14:19:36+00:00","dateModified":"2026-01-30T13:09:14+00:00","breadcrumb":{"@id":"https:\/\/www.merzouga-destinations.com\/es\/viajes-al-campamento-de-lujo-del-desierto-de-merzouga\/#breadcrumb"},"inLanguage":"es","potentialAction":[{"@type":"ReadAction","target":["https:\/\/www.merzouga-destinations.com\/es\/viajes-al-campamento-de-lujo-del-desierto-de-merzouga\/"]}]},{"@type":"ImageObject","inLanguage":"es","@id":"https:\/\/www.merzouga-destinations.com\/es\/viajes-al-campamento-de-lujo-del-desierto-de-merzouga\/#primaryimage","url":"https:\/\/www.merzouga-destinations.com\/wp-content\/uploads\/2024\/01\/WhatsApp-Image-2024-01-28-at-20.58.10-1.jpeg","contentUrl":"https:\/\/www.merzouga-destinations.com\/wp-content\/uploads\/2024\/01\/WhatsApp-Image-2024-01-28-at-20.58.10-1.jpeg"},{"@type":"BreadcrumbList","@id":"https:\/\/www.merzouga-destinations.com\/es\/viajes-al-campamento-de-lujo-del-desierto-de-merzouga\/#breadcrumb","itemListElement":[{"@type":"ListItem","position":1,"name":"Home","item":"https:\/\/www.merzouga-destinations.com\/es\/"},{"@type":"ListItem","position":2,"name":"Viajes al campamento de lujo del desierto de Merzouga"}]},{"@type":"WebSite","@id":"https:\/\/www.merzouga-destinations.com\/#website","url":"https:\/\/www.merzouga-destinations.com\/","name":"Merzouga Destinations","description":"Merzouga Destinations","publisher":{"@id":"https:\/\/www.merzouga-destinations.com\/#organization"},"potentialAction":[{"@type":"SearchAction","target":{"@type":"EntryPoint","urlTemplate":"https:\/\/www.merzouga-destinations.com\/?s={search_term_string}"},"query-input":{"@type":"PropertyValueSpecification","valueRequired":true,"valueName":"search_term_string"}}],"inLanguage":"es"},{"@type":"Organization","@id":"https:\/\/www.merzouga-destinations.com\/#organization","name":"Merzouga Destinations","url":"https:\/\/www.merzouga-destinations.com\/","logo":{"@type":"ImageObject","inLanguage":"es","@id":"https:\/\/www.merzouga-destinations.com\/#\/schema\/logo\/image\/","url":"https:\/\/i0.wp.com\/www.merzouga-destinations.com\/wp-content\/uploads\/2025\/10\/site-logo.png?fit=180%2C60&ssl=1","contentUrl":"https:\/\/i0.wp.com\/www.merzouga-destinations.com\/wp-content\/uploads\/2025\/10\/site-logo.png?fit=180%2C60&ssl=1","width":180,"height":60,"caption":"Merzouga Destinations"},"image":{"@id":"https:\/\/www.merzouga-destinations.com\/#\/schema\/logo\/image\/"}}]}},"jetpack_sharing_enabled":true,"_links":{"self":[{"href":"https:\/\/www.merzouga-destinations.com\/es\/wp-json\/wp\/v2\/pages\/2326","targetHints":{"allow":["GET"]}}],"collection":[{"href":"https:\/\/www.merzouga-destinations.com\/es\/wp-json\/wp\/v2\/pages"}],"about":[{"href":"https:\/\/www.merzouga-destinations.com\/es\/wp-json\/wp\/v2\/types\/page"}],"author":[{"embeddable":true,"href":"https:\/\/www.merzouga-destinations.com\/es\/wp-json\/wp\/v2\/users\/1"}],"replies":[{"embeddable":true,"href":"https:\/\/www.merzouga-destinations.com\/es\/wp-json\/wp\/v2\/comments?post=2326"}],"version-history":[{"count":4,"href":"https:\/\/www.merzouga-destinations.com\/es\/wp-json\/wp\/v2\/pages\/2326\/revisions"}],"predecessor-version":[{"id":3207,"href":"https:\/\/www.merzouga-destinations.com\/es\/wp-json\/wp\/v2\/pages\/2326\/revisions\/3207"}],"wp:attachment":[{"href":"https:\/\/www.merzouga-destinations.com\/es\/wp-json\/wp\/v2\/media?parent=2326"}],"curies":[{"name":"wp","href":"https:\/\/api.w.org\/{rel}","templated":true}]}}