{"id":2320,"date":"2024-01-29T20:28:47","date_gmt":"2024-01-29T20:28:47","guid":{"rendered":"https:\/\/moroccoshinytrips.com\/construye-tu-tour\/"},"modified":"2024-02-02T15:48:42","modified_gmt":"2024-02-02T15:48:42","slug":"construye-tu-tour","status":"publish","type":"page","link":"https:\/\/www.merzouga-destinations.com\/es\/construye-tu-tour\/","title":{"rendered":"Construye tu Tour"},"content":{"rendered":"\t\t<div data-elementor-type=\"wp-page\" data-elementor-id=\"2320\" class=\"elementor elementor-2320 elementor-2167\">\n\t\t\t\t<div class=\"elementor-element elementor-element-2052f045 e-con-full e-flex e-con e-parent\" data-id=\"2052f045\" data-element_type=\"container\" id=\"footer\" data-settings=\"{&quot;background_background&quot;:&quot;gradient&quot;}\">\n\t\t\t\t<div class=\"elementor-element elementor-element-61fed33e elementor-widget elementor-widget-heading\" data-id=\"61fed33e\" data-element_type=\"widget\" data-widget_type=\"heading.default\">\n\t\t\t\t<div class=\"elementor-widget-container\">\n\t\t\t\t\t<h2 class=\"elementor-heading-title elementor-size-default\">Construye tu Tour<\/h2>\t\t\t\t<\/div>\n\t\t\t\t<\/div>\n\t\t\t\t<div class=\"elementor-element elementor-element-44efed8c elementor-widget elementor-widget-text-editor\" data-id=\"44efed8c\" data-element_type=\"widget\" data-widget_type=\"text-editor.default\">\n\t\t\t\t<div class=\"elementor-widget-container\">\n\t\t\t\t\t\t\t\t\t<p>Rellene sus datos a continuaci\u00f3n con el viaje que necesita y la fecha; Nos pondremos en contacto con usted en breve<\/p>\n\t\t\t\t\t\t\t\t<\/div>\n\t\t\t\t<\/div>\n\t\t\t\t<div class=\"elementor-element elementor-element-21c0a55 elementor-widget elementor-widget-wpforms\" data-id=\"21c0a55\" data-element_type=\"widget\" data-widget_type=\"wpforms.default\">\n\t\t\t\t<div class=\"elementor-widget-container\">\n\t\t\t\t\t<div class=\"wpforms-container \" id=\"wpforms-2523\"><form id=\"wpforms-form-2523\" class=\"wpforms-validate wpforms-form wpforms-ajax-form\" data-formid=\"2523\" method=\"post\" enctype=\"multipart\/form-data\" action=\"\/es\/wp-json\/wp\/v2\/pages\/2320\" data-token=\"fe7c73cf0f2518aeaafd9515b763d52d\" data-token-time=\"1776793716\"><noscript class=\"wpforms-error-noscript\">Por favor, activa JavaScript en tu navegador para completar este formulario.<\/noscript><div class=\"wpforms-field-container\"><div id=\"wpforms-2523-field_0-container\" class=\"wpforms-field wpforms-field-name\" data-field-id=\"0\"><label class=\"wpforms-field-label\" for=\"wpforms-2523-field_0\">Su nombre <span class=\"wpforms-required-label\">*<\/span><\/label><input type=\"text\" id=\"wpforms-2523-field_0\" class=\"wpforms-field-medium wpforms-field-required\" name=\"wpforms[fields][0]\" required><\/div><div id=\"wpforms-2523-field_1-container\" class=\"wpforms-field wpforms-field-email\" data-field-id=\"1\"><label class=\"wpforms-field-label\" for=\"wpforms-2523-field_1\">Su correo electr\u00f3nico <span class=\"wpforms-required-label\">*<\/span><\/label><input type=\"email\" id=\"wpforms-2523-field_1\" class=\"wpforms-field-medium wpforms-field-required\" name=\"wpforms[fields][1]\" spellcheck=\"false\" required><\/div><div id=\"wpforms-2523-field_3-container\" class=\"wpforms-field wpforms-field-text\" data-field-id=\"3\"><label class=\"wpforms-field-label\" for=\"wpforms-2523-field_3\">Tu Whatsapp <span class=\"wpforms-required-label\">*<\/span><\/label><input type=\"text\" id=\"wpforms-2523-field_3\" class=\"wpforms-field-medium wpforms-field-required\" name=\"wpforms[fields][3]\" required><\/div><div id=\"wpforms-2523-field_4-container\" class=\"wpforms-field wpforms-field-number\" data-field-id=\"4\"><label class=\"wpforms-field-label\" for=\"wpforms-2523-field_4\">\u00bfCu\u00e1ntas personas son? <span class=\"wpforms-required-label\">*<\/span><\/label><input type=\"number\" id=\"wpforms-2523-field_4\" class=\"wpforms-field-medium wpforms-field-required\" name=\"wpforms[fields][4]\" step=\"any\" required><\/div><div id=\"wpforms-2523-field_9-container\" class=\"wpforms-field wpforms-field-text\" data-field-id=\"9\"><label class=\"wpforms-field-label\" for=\"wpforms-2523-field_9\">\u00bfCu\u00e1ndo llegar\u00e1? <span class=\"wpforms-required-label\">*<\/span><\/label><input type=\"text\" id=\"wpforms-2523-field_9\" class=\"wpforms-field-medium wpforms-field-required\" name=\"wpforms[fields][9]\" required><\/div><div id=\"wpforms-2523-field_6-container\" class=\"wpforms-field wpforms-field-text\" data-field-id=\"6\"><label class=\"wpforms-field-label\" for=\"wpforms-2523-field_6\">\u00bfCu\u00e1ntos d\u00edas y cu\u00e1ntas noches?<\/label><input type=\"text\" id=\"wpforms-2523-field_6\" class=\"wpforms-field-medium\" name=\"wpforms[fields][6]\" ><\/div><div id=\"wpforms-2523-field_7-container\" class=\"wpforms-field wpforms-field-radio\" data-field-id=\"7\"><label class=\"wpforms-field-label\">\u00bfD\u00f3nde empieza su viaje?<\/label><ul id=\"wpforms-2523-field_7\"><li class=\"choice-1 depth-1\"><input type=\"radio\" id=\"wpforms-2523-field_7_1\" name=\"wpforms[fields][7]\" value=\"Desde Marrakech\"  ><label class=\"wpforms-field-label-inline\" for=\"wpforms-2523-field_7_1\">Desde Marrakech<\/label><\/li><li class=\"choice-2 depth-1\"><input type=\"radio\" id=\"wpforms-2523-field_7_2\" name=\"wpforms[fields][7]\" value=\"Desde Casablanca\"  ><label class=\"wpforms-field-label-inline\" for=\"wpforms-2523-field_7_2\">Desde Casablanca<\/label><\/li><li class=\"choice-4 depth-1\"><input type=\"radio\" id=\"wpforms-2523-field_7_4\" name=\"wpforms[fields][7]\" value=\"Desde Fez\"  ><label class=\"wpforms-field-label-inline\" for=\"wpforms-2523-field_7_4\">Desde Fez<\/label><\/li><li class=\"choice-5 depth-1\"><input type=\"radio\" id=\"wpforms-2523-field_7_5\" name=\"wpforms[fields][7]\" value=\"Desde Tangier\"  ><label class=\"wpforms-field-label-inline\" for=\"wpforms-2523-field_7_5\">Desde Tangier<\/label><\/li><li class=\"choice-6 depth-1\"><input type=\"radio\" id=\"wpforms-2523-field_7_6\" name=\"wpforms[fields][7]\" value=\"Otros\"  ><label class=\"wpforms-field-label-inline\" for=\"wpforms-2523-field_7_6\">Otros<\/label><\/li><\/ul><\/div><div id=\"wpforms-2523-field_8-container\" class=\"wpforms-field wpforms-field-radio\" data-field-id=\"8\"><label class=\"wpforms-field-label\">\u00bfD\u00f3nde termina su viaje? <\/label><ul id=\"wpforms-2523-field_8\"><li class=\"choice-1 depth-1\"><input type=\"radio\" id=\"wpforms-2523-field_8_1\" name=\"wpforms[fields][8]\" value=\"En Marrakech\"  ><label class=\"wpforms-field-label-inline\" for=\"wpforms-2523-field_8_1\">En Marrakech<\/label><\/li><li class=\"choice-2 depth-1\"><input type=\"radio\" id=\"wpforms-2523-field_8_2\" name=\"wpforms[fields][8]\" value=\"En Casablanca\"  ><label class=\"wpforms-field-label-inline\" for=\"wpforms-2523-field_8_2\">En Casablanca<\/label><\/li><li class=\"choice-4 depth-1\"><input type=\"radio\" id=\"wpforms-2523-field_8_4\" name=\"wpforms[fields][8]\" value=\"En Fez\"  ><label class=\"wpforms-field-label-inline\" for=\"wpforms-2523-field_8_4\">En Fez<\/label><\/li><li class=\"choice-5 depth-1\"><input type=\"radio\" id=\"wpforms-2523-field_8_5\" name=\"wpforms[fields][8]\" value=\"En Tangier\"  ><label class=\"wpforms-field-label-inline\" for=\"wpforms-2523-field_8_5\">En Tangier<\/label><\/li><li class=\"choice-6 depth-1\"><input type=\"radio\" id=\"wpforms-2523-field_8_6\" name=\"wpforms[fields][8]\" value=\"Otros\"  ><label class=\"wpforms-field-label-inline\" for=\"wpforms-2523-field_8_6\">Otros<\/label><\/li><\/ul><\/div><div id=\"wpforms-2523-field_2-container\" class=\"wpforms-field wpforms-field-textarea\" data-field-id=\"2\"><label class=\"wpforms-field-label\" for=\"wpforms-2523-field_2\">Si tiene necesidades espec\u00edficas u otras preguntas, por favor, a\u00f1\u00e1dalas<\/label><textarea id=\"wpforms-2523-field_2\" class=\"wpforms-field-medium\" name=\"wpforms[fields][2]\" ><\/textarea><\/div><\/div><!-- .wpforms-field-container --><div class=\"wpforms-submit-container\" ><input type=\"hidden\" name=\"wpforms[id]\" value=\"2523\"><input type=\"hidden\" name=\"page_title\" value=\"\"><input type=\"hidden\" name=\"page_url\" value=\"https:\/\/www.merzouga-destinations.com\/es\/wp-json\/wp\/v2\/pages\/2320\"><input type=\"hidden\" name=\"url_referer\" value=\"\"><button type=\"submit\" name=\"wpforms[submit]\" id=\"wpforms-submit-2523\" class=\"wpforms-submit\" data-alt-text=\"Enviando los detalles de su Tour...\" data-submit-text=\"Confirmar y enviar\" aria-live=\"assertive\" value=\"wpforms-submit\">Confirmar y enviar<\/button><img loading=\"lazy\" decoding=\"async\" src=\"https:\/\/www.merzouga-destinations.com\/wp-content\/plugins\/wpforms-lite\/assets\/images\/submit-spin.svg\" class=\"wpforms-submit-spinner\" style=\"display: none;\" width=\"26\" height=\"26\" alt=\"Cargando\"><\/div><\/form><\/div>  <!-- .wpforms-container -->\t\t\t\t<\/div>\n\t\t\t\t<\/div>\n\t\t\t\t<\/div>\n\t\t\t\t<\/div>\n\t\t","protected":false},"excerpt":{"rendered":"<p>Construye tu Tour Rellene sus datos a continuaci\u00f3n con el viaje que necesita y la fecha; Nos pondremos en contacto con usted en breve Please enable JavaScript in your browser to complete this form.Su nombre *Su correo electr\u00f3nico *Tu Whatsapp *\u00bfCu\u00e1ntas personas son? *\u00bfCu\u00e1ndo llegar\u00e1? *\u00bfCu\u00e1ntos d\u00edas y cu\u00e1ntas noches?\u00bfD\u00f3nde empieza su viaje? Desde Marrakech [&hellip;]<\/p>\n","protected":false},"author":1,"featured_media":0,"parent":0,"menu_order":0,"comment_status":"closed","ping_status":"closed","template":"","meta":{"site-sidebar-layout":"no-sidebar","site-content-layout":"page-builder","ast-site-content-layout":"full-width-container","site-content-style":"default","site-sidebar-style":"default","ast-global-header-display":"","ast-banner-title-visibility":"","ast-main-header-display":"","ast-hfb-above-header-display":"","ast-hfb-below-header-display":"","ast-hfb-mobile-header-display":"","site-post-title":"disabled","ast-breadcrumbs-content":"","ast-featured-img":"disabled","footer-sml-layout":"","theme-transparent-header-meta":"default","adv-header-id-meta":"","stick-header-meta":"","header-above-stick-meta":"","header-main-stick-meta":"","header-below-stick-meta":"","astra-migrate-meta-layouts":"default","ast-page-background-enabled":"default","ast-page-background-meta":{"desktop":{"background-color":"","background-image":"","background-repeat":"repeat","background-position":"center center","background-size":"auto","background-attachment":"scroll","background-type":"","background-media":"","overlay-type":"","overlay-color":"","overlay-gradient":""},"tablet":{"background-color":"","background-image":"","background-repeat":"repeat","background-position":"center center","background-size":"auto","background-attachment":"scroll","background-type":"","background-media":"","overlay-type":"","overlay-color":"","overlay-gradient":""},"mobile":{"background-color":"","background-image":"","background-repeat":"repeat","background-position":"center center","background-size":"auto","background-attachment":"scroll","background-type":"","background-media":"","overlay-type":"","overlay-color":"","overlay-gradient":""}},"ast-content-background-meta":{"desktop":{"background-color":"var(--ast-global-color-5)","background-image":"","background-repeat":"repeat","background-position":"center center","background-size":"auto","background-attachment":"scroll","background-type":"","background-media":"","overlay-type":"","overlay-color":"","overlay-gradient":""},"tablet":{"background-color":"var(--ast-global-color-5)","background-image":"","background-repeat":"repeat","background-position":"center center","background-size":"auto","background-attachment":"scroll","background-type":"","background-media":"","overlay-type":"","overlay-color":"","overlay-gradient":""},"mobile":{"background-color":"var(--ast-global-color-5)","background-image":"","background-repeat":"repeat","background-position":"center center","background-size":"auto","background-attachment":"scroll","background-type":"","background-media":"","overlay-type":"","overlay-color":"","overlay-gradient":""}},"footnotes":""},"class_list":["post-2320","page","type-page","status-publish","hentry"],"yoast_head":"<!-- This site is optimized with the Yoast SEO plugin v26.7 - https:\/\/yoast.com\/wordpress\/plugins\/seo\/ -->\n<title>Construye tu Tour - Merzouga Destinations<\/title>\n<meta name=\"robots\" content=\"index, follow, max-snippet:-1, max-image-preview:large, max-video-preview:-1\" \/>\n<link rel=\"canonical\" href=\"https:\/\/www.merzouga-destinations.com\/build-your-tour\/\" \/>\n<meta property=\"og:locale\" content=\"es_ES\" \/>\n<meta property=\"og:type\" content=\"article\" \/>\n<meta property=\"og:title\" content=\"Construye tu Tour - Merzouga Destinations\" \/>\n<meta property=\"og:description\" content=\"Construye tu Tour Rellene sus datos a continuaci\u00f3n con el viaje que necesita y la fecha; Nos pondremos en contacto con usted en breve Please enable JavaScript in your browser to complete this form.Su nombre *Su correo electr\u00f3nico *Tu Whatsapp *\u00bfCu\u00e1ntas personas son? *\u00bfCu\u00e1ndo llegar\u00e1? *\u00bfCu\u00e1ntos d\u00edas y cu\u00e1ntas noches?\u00bfD\u00f3nde empieza su viaje? Desde Marrakech [&hellip;]\" \/>\n<meta property=\"og:url\" content=\"https:\/\/www.merzouga-destinations.com\/build-your-tour\/\" \/>\n<meta property=\"og:site_name\" content=\"Merzouga Destinations\" \/>\n<meta property=\"article:modified_time\" content=\"2024-02-02T15:48:42+00:00\" \/>\n<meta property=\"og:image\" content=\"https:\/\/www.merzouga-destinations.com\/wp-content\/uploads\/2025\/02\/fce12b04208a70d76ded7df136328ff9.jpgwp-content\/plugins\/wpforms-lite\/assets\/images\/submit-spin.svg\" \/>\n<meta name=\"twitter:card\" content=\"summary_large_image\" \/>\n<script type=\"application\/ld+json\" class=\"yoast-schema-graph\">{\"@context\":\"https:\/\/schema.org\",\"@graph\":[{\"@type\":\"WebPage\",\"@id\":\"https:\/\/www.merzouga-destinations.com\/build-your-tour\/\",\"url\":\"https:\/\/www.merzouga-destinations.com\/build-your-tour\/\",\"name\":\"Construye tu Tour - Merzouga Destinations\",\"isPartOf\":{\"@id\":\"https:\/\/www.merzouga-destinations.com\/#website\"},\"primaryImageOfPage\":{\"@id\":\"https:\/\/www.merzouga-destinations.com\/build-your-tour\/#primaryimage\"},\"image\":{\"@id\":\"https:\/\/www.merzouga-destinations.com\/build-your-tour\/#primaryimage\"},\"thumbnailUrl\":\"https:\/\/www.merzouga-destinations.com\/wp-content\/uploads\/2025\/02\/fce12b04208a70d76ded7df136328ff9.jpgwp-content\/plugins\/wpforms-lite\/assets\/images\/submit-spin.svg\",\"datePublished\":\"2024-01-29T20:28:47+00:00\",\"dateModified\":\"2024-02-02T15:48:42+00:00\",\"breadcrumb\":{\"@id\":\"https:\/\/www.merzouga-destinations.com\/build-your-tour\/#breadcrumb\"},\"inLanguage\":\"es\",\"potentialAction\":[{\"@type\":\"ReadAction\",\"target\":[\"https:\/\/www.merzouga-destinations.com\/build-your-tour\/\"]}]},{\"@type\":\"ImageObject\",\"inLanguage\":\"es\",\"@id\":\"https:\/\/www.merzouga-destinations.com\/build-your-tour\/#primaryimage\",\"url\":\"https:\/\/www.merzouga-destinations.com\/wp-content\/uploads\/2025\/02\/fce12b04208a70d76ded7df136328ff9.jpgwp-content\/plugins\/wpforms-lite\/assets\/images\/submit-spin.svg\",\"contentUrl\":\"https:\/\/www.merzouga-destinations.com\/wp-content\/uploads\/2025\/02\/fce12b04208a70d76ded7df136328ff9.jpgwp-content\/plugins\/wpforms-lite\/assets\/images\/submit-spin.svg\"},{\"@type\":\"BreadcrumbList\",\"@id\":\"https:\/\/www.merzouga-destinations.com\/build-your-tour\/#breadcrumb\",\"itemListElement\":[{\"@type\":\"ListItem\",\"position\":1,\"name\":\"Home\",\"item\":\"https:\/\/www.merzouga-destinations.com\/es\/\"},{\"@type\":\"ListItem\",\"position\":2,\"name\":\"Construye tu Tour\"}]},{\"@type\":\"WebSite\",\"@id\":\"https:\/\/www.merzouga-destinations.com\/#website\",\"url\":\"https:\/\/www.merzouga-destinations.com\/\",\"name\":\"Merzouga Destinations\",\"description\":\"Merzouga Destinations\",\"publisher\":{\"@id\":\"https:\/\/www.merzouga-destinations.com\/#organization\"},\"potentialAction\":[{\"@type\":\"SearchAction\",\"target\":{\"@type\":\"EntryPoint\",\"urlTemplate\":\"https:\/\/www.merzouga-destinations.com\/?s={search_term_string}\"},\"query-input\":{\"@type\":\"PropertyValueSpecification\",\"valueRequired\":true,\"valueName\":\"search_term_string\"}}],\"inLanguage\":\"es\"},{\"@type\":\"Organization\",\"@id\":\"https:\/\/www.merzouga-destinations.com\/#organization\",\"name\":\"Merzouga Destinations\",\"url\":\"https:\/\/www.merzouga-destinations.com\/\",\"logo\":{\"@type\":\"ImageObject\",\"inLanguage\":\"es\",\"@id\":\"https:\/\/www.merzouga-destinations.com\/#\/schema\/logo\/image\/\",\"url\":\"https:\/\/i0.wp.com\/www.merzouga-destinations.com\/wp-content\/uploads\/2025\/10\/site-logo.png?fit=180%2C60&ssl=1\",\"contentUrl\":\"https:\/\/i0.wp.com\/www.merzouga-destinations.com\/wp-content\/uploads\/2025\/10\/site-logo.png?fit=180%2C60&ssl=1\",\"width\":180,\"height\":60,\"caption\":\"Merzouga Destinations\"},\"image\":{\"@id\":\"https:\/\/www.merzouga-destinations.com\/#\/schema\/logo\/image\/\"}}]}<\/script>\n<!-- \/ Yoast SEO plugin. -->","yoast_head_json":{"title":"Construye tu Tour - Merzouga Destinations","robots":{"index":"index","follow":"follow","max-snippet":"max-snippet:-1","max-image-preview":"max-image-preview:large","max-video-preview":"max-video-preview:-1"},"canonical":"https:\/\/www.merzouga-destinations.com\/build-your-tour\/","og_locale":"es_ES","og_type":"article","og_title":"Construye tu Tour - Merzouga Destinations","og_description":"Construye tu Tour Rellene sus datos a continuaci\u00f3n con el viaje que necesita y la fecha; Nos pondremos en contacto con usted en breve Please enable JavaScript in your browser to complete this form.Su nombre *Su correo electr\u00f3nico *Tu Whatsapp *\u00bfCu\u00e1ntas personas son? *\u00bfCu\u00e1ndo llegar\u00e1? *\u00bfCu\u00e1ntos d\u00edas y cu\u00e1ntas noches?\u00bfD\u00f3nde empieza su viaje? Desde Marrakech [&hellip;]","og_url":"https:\/\/www.merzouga-destinations.com\/build-your-tour\/","og_site_name":"Merzouga Destinations","article_modified_time":"2024-02-02T15:48:42+00:00","og_image":[{"url":"https:\/\/www.merzouga-destinations.com\/wp-content\/uploads\/2025\/02\/fce12b04208a70d76ded7df136328ff9.jpgwp-content\/plugins\/wpforms-lite\/assets\/images\/submit-spin.svg","type":"","width":"","height":""}],"twitter_card":"summary_large_image","schema":{"@context":"https:\/\/schema.org","@graph":[{"@type":"WebPage","@id":"https:\/\/www.merzouga-destinations.com\/build-your-tour\/","url":"https:\/\/www.merzouga-destinations.com\/build-your-tour\/","name":"Construye tu Tour - Merzouga Destinations","isPartOf":{"@id":"https:\/\/www.merzouga-destinations.com\/#website"},"primaryImageOfPage":{"@id":"https:\/\/www.merzouga-destinations.com\/build-your-tour\/#primaryimage"},"image":{"@id":"https:\/\/www.merzouga-destinations.com\/build-your-tour\/#primaryimage"},"thumbnailUrl":"https:\/\/www.merzouga-destinations.com\/wp-content\/uploads\/2025\/02\/fce12b04208a70d76ded7df136328ff9.jpgwp-content\/plugins\/wpforms-lite\/assets\/images\/submit-spin.svg","datePublished":"2024-01-29T20:28:47+00:00","dateModified":"2024-02-02T15:48:42+00:00","breadcrumb":{"@id":"https:\/\/www.merzouga-destinations.com\/build-your-tour\/#breadcrumb"},"inLanguage":"es","potentialAction":[{"@type":"ReadAction","target":["https:\/\/www.merzouga-destinations.com\/build-your-tour\/"]}]},{"@type":"ImageObject","inLanguage":"es","@id":"https:\/\/www.merzouga-destinations.com\/build-your-tour\/#primaryimage","url":"https:\/\/www.merzouga-destinations.com\/wp-content\/uploads\/2025\/02\/fce12b04208a70d76ded7df136328ff9.jpgwp-content\/plugins\/wpforms-lite\/assets\/images\/submit-spin.svg","contentUrl":"https:\/\/www.merzouga-destinations.com\/wp-content\/uploads\/2025\/02\/fce12b04208a70d76ded7df136328ff9.jpgwp-content\/plugins\/wpforms-lite\/assets\/images\/submit-spin.svg"},{"@type":"BreadcrumbList","@id":"https:\/\/www.merzouga-destinations.com\/build-your-tour\/#breadcrumb","itemListElement":[{"@type":"ListItem","position":1,"name":"Home","item":"https:\/\/www.merzouga-destinations.com\/es\/"},{"@type":"ListItem","position":2,"name":"Construye tu Tour"}]},{"@type":"WebSite","@id":"https:\/\/www.merzouga-destinations.com\/#website","url":"https:\/\/www.merzouga-destinations.com\/","name":"Merzouga Destinations","description":"Merzouga Destinations","publisher":{"@id":"https:\/\/www.merzouga-destinations.com\/#organization"},"potentialAction":[{"@type":"SearchAction","target":{"@type":"EntryPoint","urlTemplate":"https:\/\/www.merzouga-destinations.com\/?s={search_term_string}"},"query-input":{"@type":"PropertyValueSpecification","valueRequired":true,"valueName":"search_term_string"}}],"inLanguage":"es"},{"@type":"Organization","@id":"https:\/\/www.merzouga-destinations.com\/#organization","name":"Merzouga Destinations","url":"https:\/\/www.merzouga-destinations.com\/","logo":{"@type":"ImageObject","inLanguage":"es","@id":"https:\/\/www.merzouga-destinations.com\/#\/schema\/logo\/image\/","url":"https:\/\/i0.wp.com\/www.merzouga-destinations.com\/wp-content\/uploads\/2025\/10\/site-logo.png?fit=180%2C60&ssl=1","contentUrl":"https:\/\/i0.wp.com\/www.merzouga-destinations.com\/wp-content\/uploads\/2025\/10\/site-logo.png?fit=180%2C60&ssl=1","width":180,"height":60,"caption":"Merzouga Destinations"},"image":{"@id":"https:\/\/www.merzouga-destinations.com\/#\/schema\/logo\/image\/"}}]}},"jetpack_sharing_enabled":true,"_links":{"self":[{"href":"https:\/\/www.merzouga-destinations.com\/es\/wp-json\/wp\/v2\/pages\/2320","targetHints":{"allow":["GET"]}}],"collection":[{"href":"https:\/\/www.merzouga-destinations.com\/es\/wp-json\/wp\/v2\/pages"}],"about":[{"href":"https:\/\/www.merzouga-destinations.com\/es\/wp-json\/wp\/v2\/types\/page"}],"author":[{"embeddable":true,"href":"https:\/\/www.merzouga-destinations.com\/es\/wp-json\/wp\/v2\/users\/1"}],"replies":[{"embeddable":true,"href":"https:\/\/www.merzouga-destinations.com\/es\/wp-json\/wp\/v2\/comments?post=2320"}],"version-history":[{"count":4,"href":"https:\/\/www.merzouga-destinations.com\/es\/wp-json\/wp\/v2\/pages\/2320\/revisions"}],"predecessor-version":[{"id":2537,"href":"https:\/\/www.merzouga-destinations.com\/es\/wp-json\/wp\/v2\/pages\/2320\/revisions\/2537"}],"wp:attachment":[{"href":"https:\/\/www.merzouga-destinations.com\/es\/wp-json\/wp\/v2\/media?parent=2320"}],"curies":[{"name":"wp","href":"https:\/\/api.w.org\/{rel}","templated":true}]}}