{"id":2318,"date":"2024-01-29T17:44:42","date_gmt":"2024-01-29T17:44:42","guid":{"rendered":"https:\/\/moroccoshinytrips.com\/sobre-nosotros\/"},"modified":"2024-02-01T01:48:39","modified_gmt":"2024-02-01T01:48:39","slug":"sobre-nosotros","status":"publish","type":"page","link":"https:\/\/www.merzouga-destinations.com\/es\/sobre-nosotros\/","title":{"rendered":"Sobre nosotros"},"content":{"rendered":"\t\t<div data-elementor-type=\"wp-page\" data-elementor-id=\"2318\" class=\"elementor elementor-2318 elementor-2085\">\n\t\t\t\t<div class=\"elementor-element elementor-element-3989f2b3 e-con-full e-flex e-con e-parent\" data-id=\"3989f2b3\" data-element_type=\"container\" data-settings=\"{&quot;background_background&quot;:&quot;classic&quot;}\">\n\t\t\t\t<div class=\"elementor-element elementor-element-397be54e animated-slow elementor-invisible elementor-widget elementor-widget-heading\" data-id=\"397be54e\" data-element_type=\"widget\" data-settings=\"{&quot;_animation&quot;:&quot;slideInUp&quot;}\" data-widget_type=\"heading.default\">\n\t\t\t\t<div class=\"elementor-widget-container\">\n\t\t\t\t\t<h2 class=\"elementor-heading-title elementor-size-default\">sobre nosotros<\/h2>\t\t\t\t<\/div>\n\t\t\t\t<\/div>\n\t\t<div class=\"elementor-element elementor-element-56d81f9a e-con-full e-flex e-con e-child\" data-id=\"56d81f9a\" data-element_type=\"container\">\n\t\t<div class=\"elementor-element elementor-element-6d54ff71 e-con-full e-flex e-con e-child\" data-id=\"6d54ff71\" data-element_type=\"container\">\n\t\t\t\t<div class=\"elementor-element elementor-element-2e7a751c elementor-widget elementor-widget-blockquote\" data-id=\"2e7a751c\" data-element_type=\"widget\" data-widget_type=\"blockquote.default\">\n\t\t\t\t<div class=\"elementor-widget-container\">\n\t\t\t\t\t \t\t\t\t<\/div>\n\t\t\t\t<\/div>\n\t\t\t\t<div class=\"elementor-element elementor-element-2b948b18 elementor-widget elementor-widget-text-editor\" data-id=\"2b948b18\" data-element_type=\"widget\" data-widget_type=\"text-editor.default\">\n\t\t\t\t<div class=\"elementor-widget-container\">\n\t\t\t\t\t\t\t\t\t<p>Merzouga Destinations es una agencia de viajes l\u00edder en Marruecos especializada en ofrecer viajes inolvidables a los destinos m\u00e1s emblem\u00e1ticos del pa\u00eds; Con m\u00e1s de 15 a\u00f1os de experiencia en el sector de los viajes, nos hemos forjado una reputaci\u00f3n de excelencia y un profundo aprecio por la rica historia, cultura y belleza natural de Marruecos;<\/p>\n<\/p>\n<p>Nuestros viajes le llevar\u00e1n desde las aut\u00e9nticas vistas de Marrakech y Fez, hasta la pintoresca ciudad costera de Casablanca, la m\u00e1gica fascinaci\u00f3n del desierto del Sahara y el encanto de T\u00e1nger; Nos aseguraremos de que aproveche al m\u00e1ximo cada uno de estos destinos \u00fanicos, mostrando lo mejor que Marruecos puede ofrecerle;<\/p>\n<p><span style=\"font-style: inherit; font-weight: inherit; letter-spacing: 0px; word-spacing: 0em; text-align: var(--text-align); background-color: var(--ast-global-color-4); color: var(--ast-global-color-3);\">\u00bfPor qu\u00e9 esperar? Reserve hoy mismo su viaje con Merzouga Destinations y descubra por s\u00ed mismo la magia de Marruecos;<\/span><\/p>\n\t\t\t\t\t\t\t\t<\/div>\n\t\t\t\t<\/div>\n\t\t\t\t<div class=\"elementor-element elementor-element-26f5fcb elementor-align-center elementor-widget elementor-widget-button\" data-id=\"26f5fcb\" data-element_type=\"widget\" data-widget_type=\"button.default\">\n\t\t\t\t<div class=\"elementor-widget-container\">\n\t\t\t\t\t\t\t\t\t<div class=\"elementor-button-wrapper\">\n\t\t\t\t\t<a class=\"elementor-button elementor-button-link elementor-size-sm\" href=\"https:\/\/www.merzouga-destinations.com\/es\/contacto\/\">\n\t\t\t\t\t\t<span class=\"elementor-button-content-wrapper\">\n\t\t\t\t\t\t\t\t\t<span class=\"elementor-button-text\">Reserve su visita ahora<\/span>\n\t\t\t\t\t<\/span>\n\t\t\t\t\t<\/a>\n\t\t\t\t<\/div>\n\t\t\t\t\t\t\t\t<\/div>\n\t\t\t\t<\/div>\n\t\t\t\t<\/div>\n\t\t\t\t<\/div>\n\t\t\t\t<\/div>\n\t\t\t\t<\/div>\n\t\t","protected":false},"excerpt":{"rendered":"<p>sobre nosotros Merzouga Destinations Merzouga Destinations es una agencia de viajes l\u00edder en Marruecos especializada en ofrecer viajes inolvidables a los destinos m\u00e1s emblem\u00e1ticos del pa\u00eds; Con m\u00e1s de 15 a\u00f1os de experiencia en el sector de los viajes, nos hemos forjado una reputaci\u00f3n de excelencia y un profundo aprecio por la rica historia, cultura [&hellip;]<\/p>\n","protected":false},"author":1,"featured_media":0,"parent":0,"menu_order":0,"comment_status":"closed","ping_status":"closed","template":"","meta":{"site-sidebar-layout":"no-sidebar","site-content-layout":"page-builder","ast-site-content-layout":"full-width-container","site-content-style":"default","site-sidebar-style":"default","ast-global-header-display":"","ast-banner-title-visibility":"","ast-main-header-display":"","ast-hfb-above-header-display":"","ast-hfb-below-header-display":"","ast-hfb-mobile-header-display":"","site-post-title":"disabled","ast-breadcrumbs-content":"","ast-featured-img":"disabled","footer-sml-layout":"","theme-transparent-header-meta":"","adv-header-id-meta":"","stick-header-meta":"","header-above-stick-meta":"","header-main-stick-meta":"","header-below-stick-meta":"","astra-migrate-meta-layouts":"default","ast-page-background-enabled":"default","ast-page-background-meta":{"desktop":{"background-color":"","background-image":"","background-repeat":"repeat","background-position":"center center","background-size":"auto","background-attachment":"scroll","background-type":"","background-media":"","overlay-type":"","overlay-color":"","overlay-gradient":""},"tablet":{"background-color":"","background-image":"","background-repeat":"repeat","background-position":"center center","background-size":"auto","background-attachment":"scroll","background-type":"","background-media":"","overlay-type":"","overlay-color":"","overlay-gradient":""},"mobile":{"background-color":"","background-image":"","background-repeat":"repeat","background-position":"center center","background-size":"auto","background-attachment":"scroll","background-type":"","background-media":"","overlay-type":"","overlay-color":"","overlay-gradient":""}},"ast-content-background-meta":{"desktop":{"background-color":"var(--ast-global-color-5)","background-image":"","background-repeat":"repeat","background-position":"center center","background-size":"auto","background-attachment":"scroll","background-type":"","background-media":"","overlay-type":"","overlay-color":"","overlay-gradient":""},"tablet":{"background-color":"var(--ast-global-color-5)","background-image":"","background-repeat":"repeat","background-position":"center center","background-size":"auto","background-attachment":"scroll","background-type":"","background-media":"","overlay-type":"","overlay-color":"","overlay-gradient":""},"mobile":{"background-color":"var(--ast-global-color-5)","background-image":"","background-repeat":"repeat","background-position":"center center","background-size":"auto","background-attachment":"scroll","background-type":"","background-media":"","overlay-type":"","overlay-color":"","overlay-gradient":""}},"footnotes":""},"class_list":["post-2318","page","type-page","status-publish","hentry"],"yoast_head":"<!-- This site is optimized with the Yoast SEO plugin v26.7 - https:\/\/yoast.com\/wordpress\/plugins\/seo\/ -->\n<title>Sobre nosotros - Merzouga Destinations<\/title>\n<meta name=\"robots\" content=\"index, follow, max-snippet:-1, max-image-preview:large, max-video-preview:-1\" \/>\n<link rel=\"canonical\" href=\"https:\/\/www.merzouga-destinations.com\/about-us\/\" \/>\n<meta property=\"og:locale\" content=\"es_ES\" \/>\n<meta property=\"og:type\" content=\"article\" \/>\n<meta property=\"og:title\" content=\"Sobre nosotros - Merzouga Destinations\" \/>\n<meta property=\"og:description\" content=\"sobre nosotros Merzouga Destinations Merzouga Destinations es una agencia de viajes l\u00edder en Marruecos especializada en ofrecer viajes inolvidables a los destinos m\u00e1s emblem\u00e1ticos del pa\u00eds; Con m\u00e1s de 15 a\u00f1os de experiencia en el sector de los viajes, nos hemos forjado una reputaci\u00f3n de excelencia y un profundo aprecio por la rica historia, cultura [&hellip;]\" \/>\n<meta property=\"og:url\" content=\"https:\/\/www.merzouga-destinations.com\/about-us\/\" \/>\n<meta property=\"og:site_name\" content=\"Merzouga Destinations\" \/>\n<meta property=\"article:modified_time\" content=\"2024-02-01T01:48:39+00:00\" \/>\n<meta name=\"twitter:card\" content=\"summary_large_image\" \/>\n<meta name=\"twitter:label1\" content=\"Tiempo de lectura\" \/>\n\t<meta name=\"twitter:data1\" content=\"1 minuto\" \/>\n<script type=\"application\/ld+json\" class=\"yoast-schema-graph\">{\"@context\":\"https:\/\/schema.org\",\"@graph\":[{\"@type\":\"WebPage\",\"@id\":\"https:\/\/www.merzouga-destinations.com\/about-us\/\",\"url\":\"https:\/\/www.merzouga-destinations.com\/about-us\/\",\"name\":\"Sobre nosotros - Merzouga Destinations\",\"isPartOf\":{\"@id\":\"https:\/\/www.merzouga-destinations.com\/#website\"},\"datePublished\":\"2024-01-29T17:44:42+00:00\",\"dateModified\":\"2024-02-01T01:48:39+00:00\",\"breadcrumb\":{\"@id\":\"https:\/\/www.merzouga-destinations.com\/about-us\/#breadcrumb\"},\"inLanguage\":\"es\",\"potentialAction\":[{\"@type\":\"ReadAction\",\"target\":[\"https:\/\/www.merzouga-destinations.com\/about-us\/\"]}]},{\"@type\":\"BreadcrumbList\",\"@id\":\"https:\/\/www.merzouga-destinations.com\/about-us\/#breadcrumb\",\"itemListElement\":[{\"@type\":\"ListItem\",\"position\":1,\"name\":\"Home\",\"item\":\"https:\/\/www.merzouga-destinations.com\/es\/\"},{\"@type\":\"ListItem\",\"position\":2,\"name\":\"Sobre nosotros\"}]},{\"@type\":\"WebSite\",\"@id\":\"https:\/\/www.merzouga-destinations.com\/#website\",\"url\":\"https:\/\/www.merzouga-destinations.com\/\",\"name\":\"Merzouga Destinations\",\"description\":\"Merzouga Destinations\",\"publisher\":{\"@id\":\"https:\/\/www.merzouga-destinations.com\/#organization\"},\"potentialAction\":[{\"@type\":\"SearchAction\",\"target\":{\"@type\":\"EntryPoint\",\"urlTemplate\":\"https:\/\/www.merzouga-destinations.com\/?s={search_term_string}\"},\"query-input\":{\"@type\":\"PropertyValueSpecification\",\"valueRequired\":true,\"valueName\":\"search_term_string\"}}],\"inLanguage\":\"es\"},{\"@type\":\"Organization\",\"@id\":\"https:\/\/www.merzouga-destinations.com\/#organization\",\"name\":\"Merzouga Destinations\",\"url\":\"https:\/\/www.merzouga-destinations.com\/\",\"logo\":{\"@type\":\"ImageObject\",\"inLanguage\":\"es\",\"@id\":\"https:\/\/www.merzouga-destinations.com\/#\/schema\/logo\/image\/\",\"url\":\"https:\/\/i0.wp.com\/www.merzouga-destinations.com\/wp-content\/uploads\/2025\/10\/site-logo.png?fit=180%2C60&ssl=1\",\"contentUrl\":\"https:\/\/i0.wp.com\/www.merzouga-destinations.com\/wp-content\/uploads\/2025\/10\/site-logo.png?fit=180%2C60&ssl=1\",\"width\":180,\"height\":60,\"caption\":\"Merzouga Destinations\"},\"image\":{\"@id\":\"https:\/\/www.merzouga-destinations.com\/#\/schema\/logo\/image\/\"}}]}<\/script>\n<!-- \/ Yoast SEO plugin. -->","yoast_head_json":{"title":"Sobre nosotros - Merzouga Destinations","robots":{"index":"index","follow":"follow","max-snippet":"max-snippet:-1","max-image-preview":"max-image-preview:large","max-video-preview":"max-video-preview:-1"},"canonical":"https:\/\/www.merzouga-destinations.com\/about-us\/","og_locale":"es_ES","og_type":"article","og_title":"Sobre nosotros - Merzouga Destinations","og_description":"sobre nosotros Merzouga Destinations Merzouga Destinations es una agencia de viajes l\u00edder en Marruecos especializada en ofrecer viajes inolvidables a los destinos m\u00e1s emblem\u00e1ticos del pa\u00eds; Con m\u00e1s de 15 a\u00f1os de experiencia en el sector de los viajes, nos hemos forjado una reputaci\u00f3n de excelencia y un profundo aprecio por la rica historia, cultura [&hellip;]","og_url":"https:\/\/www.merzouga-destinations.com\/about-us\/","og_site_name":"Merzouga Destinations","article_modified_time":"2024-02-01T01:48:39+00:00","twitter_card":"summary_large_image","twitter_misc":{"Tiempo de lectura":"1 minuto"},"schema":{"@context":"https:\/\/schema.org","@graph":[{"@type":"WebPage","@id":"https:\/\/www.merzouga-destinations.com\/about-us\/","url":"https:\/\/www.merzouga-destinations.com\/about-us\/","name":"Sobre nosotros - Merzouga Destinations","isPartOf":{"@id":"https:\/\/www.merzouga-destinations.com\/#website"},"datePublished":"2024-01-29T17:44:42+00:00","dateModified":"2024-02-01T01:48:39+00:00","breadcrumb":{"@id":"https:\/\/www.merzouga-destinations.com\/about-us\/#breadcrumb"},"inLanguage":"es","potentialAction":[{"@type":"ReadAction","target":["https:\/\/www.merzouga-destinations.com\/about-us\/"]}]},{"@type":"BreadcrumbList","@id":"https:\/\/www.merzouga-destinations.com\/about-us\/#breadcrumb","itemListElement":[{"@type":"ListItem","position":1,"name":"Home","item":"https:\/\/www.merzouga-destinations.com\/es\/"},{"@type":"ListItem","position":2,"name":"Sobre nosotros"}]},{"@type":"WebSite","@id":"https:\/\/www.merzouga-destinations.com\/#website","url":"https:\/\/www.merzouga-destinations.com\/","name":"Merzouga Destinations","description":"Merzouga Destinations","publisher":{"@id":"https:\/\/www.merzouga-destinations.com\/#organization"},"potentialAction":[{"@type":"SearchAction","target":{"@type":"EntryPoint","urlTemplate":"https:\/\/www.merzouga-destinations.com\/?s={search_term_string}"},"query-input":{"@type":"PropertyValueSpecification","valueRequired":true,"valueName":"search_term_string"}}],"inLanguage":"es"},{"@type":"Organization","@id":"https:\/\/www.merzouga-destinations.com\/#organization","name":"Merzouga Destinations","url":"https:\/\/www.merzouga-destinations.com\/","logo":{"@type":"ImageObject","inLanguage":"es","@id":"https:\/\/www.merzouga-destinations.com\/#\/schema\/logo\/image\/","url":"https:\/\/i0.wp.com\/www.merzouga-destinations.com\/wp-content\/uploads\/2025\/10\/site-logo.png?fit=180%2C60&ssl=1","contentUrl":"https:\/\/i0.wp.com\/www.merzouga-destinations.com\/wp-content\/uploads\/2025\/10\/site-logo.png?fit=180%2C60&ssl=1","width":180,"height":60,"caption":"Merzouga Destinations"},"image":{"@id":"https:\/\/www.merzouga-destinations.com\/#\/schema\/logo\/image\/"}}]}},"jetpack_sharing_enabled":true,"_links":{"self":[{"href":"https:\/\/www.merzouga-destinations.com\/es\/wp-json\/wp\/v2\/pages\/2318","targetHints":{"allow":["GET"]}}],"collection":[{"href":"https:\/\/www.merzouga-destinations.com\/es\/wp-json\/wp\/v2\/pages"}],"about":[{"href":"https:\/\/www.merzouga-destinations.com\/es\/wp-json\/wp\/v2\/types\/page"}],"author":[{"embeddable":true,"href":"https:\/\/www.merzouga-destinations.com\/es\/wp-json\/wp\/v2\/users\/1"}],"replies":[{"embeddable":true,"href":"https:\/\/www.merzouga-destinations.com\/es\/wp-json\/wp\/v2\/comments?post=2318"}],"version-history":[{"count":2,"href":"https:\/\/www.merzouga-destinations.com\/es\/wp-json\/wp\/v2\/pages\/2318\/revisions"}],"predecessor-version":[{"id":2336,"href":"https:\/\/www.merzouga-destinations.com\/es\/wp-json\/wp\/v2\/pages\/2318\/revisions\/2336"}],"wp:attachment":[{"href":"https:\/\/www.merzouga-destinations.com\/es\/wp-json\/wp\/v2\/media?parent=2318"}],"curies":[{"name":"wp","href":"https:\/\/api.w.org\/{rel}","templated":true}]}}